{"id":17,"date":"2026-05-04T20:53:35","date_gmt":"2026-05-04T20:53:35","guid":{"rendered":"https:\/\/site.venzatel.com\/sistema\/faq\/"},"modified":"2026-05-05T00:23:36","modified_gmt":"2026-05-05T00:23:36","slug":"faq","status":"publish","type":"page","link":"https:\/\/site.venzatel.com\/sistema\/faq\/","title":{"rendered":"Pyme"},"content":{"rendered":"\n<p class=\"has-text-align-full is-style-ext-preset--group--natural-1--section ext-animate--on has-background-background-color has-background\" id=\"preguntas-frecuentes\" style=\"margin-top:0;margin-bottom:0;padding-top:var(--wp--preset--spacing--70);padding-bottom:var(--wp--preset--spacing--70)\"><br><br>Venzatel y las Pymes en Venezuela<br><\/p>\n\n\n\n<hundefined class=\"wp-block-heading alignfull is-style-ext-preset--group--natural-1--section ext-animate--on has-background-background-color has-background\" id=\"preguntas-frecuentes\" style=\"margin-top:0;margin-bottom:0;padding-top:var(--wp--preset--spacing--70);padding-bottom:var(--wp--preset--spacing--70)\">Venzatel y las Pymes en Venezuela<\/hundefined>\n\n\n\n<p class=\"has-text-align-full is-style-ext-preset--group--natural-1--section ext-animate--on has-background-background-color has-background\" id=\"preguntas-frecuentes\" style=\"margin-top:0;margin-bottom:0;padding-top:var(--wp--preset--spacing--70);padding-bottom:var(--wp--preset--spacing--70)\">Impulsando el crecimiento y la conectividad de las peque\u00f1as y medianas empresas<\/p>\n\n\n\n<hundefined class=\"wp-block-heading alignfull is-style-ext-preset--group--natural-1--section ext-animate--on has-background-background-color has-background\" id=\"preguntas-frecuentes\" style=\"margin-top:0;margin-bottom:0;padding-top:var(--wp--preset--spacing--70);padding-bottom:var(--wp--preset--spacing--70)\">\u00bfQu\u00e9 es Venzatel?<\/hundefined>\n\n\n\n<p class=\"has-text-align-full is-style-ext-preset--group--natural-1--section ext-animate--on has-background-background-color has-background\" id=\"preguntas-frecuentes\" style=\"margin-top:0;margin-bottom:0;padding-top:var(--wp--preset--spacing--70);padding-bottom:var(--wp--preset--spacing--70)\">Venzatel es una empresa l\u00edder en telecomunicaciones en Venezuela que busca transformar la manera en que las Pymes acceden a servicios tecnol\u00f3gicos, conectividad y soluciones digitales para potenciar su crecimiento y competitividad en el mercado nacional e internacional. Pyme 1 Pyme 2 Pyme 3 Pyme 4<\/p>\n\n\n\n<hundefined class=\"wp-block-heading alignfull is-style-ext-preset--group--natural-1--section ext-animate--on has-background-background-color has-background\" id=\"preguntas-frecuentes\" style=\"margin-top:0;margin-bottom:0;padding-top:var(--wp--preset--spacing--70);padding-bottom:var(--wp--preset--spacing--70)\">Servicios que Venzatel ofrece a las Pymes<\/hundefined>\n\n\n\n<p class=\"has-text-align-full is-style-ext-preset--group--natural-1--section ext-animate--on has-background-background-color has-background\" id=\"preguntas-frecuentes\" style=\"margin-top:0;margin-bottom:0;padding-top:var(--wp--preset--spacing--70);padding-bottom:var(--wp--preset--spacing--70)\">Venzatel proporciona una amplia gama de servicios dise\u00f1ados especialmente para peque\u00f1as y medianas empresas, que incluyen:<\/p>\n\n\n\n<ul style=\"margin-top:0;margin-bottom:0;padding-top:var(--wp--preset--spacing--70);padding-bottom:var(--wp--preset--spacing--70)\" id=\"preguntas-frecuentes\" class=\"wp-block-list is-style-ext-preset--group--natural-1--section ext-animate--on has-background-background-color has-background\">\n<li class=\"ext-animate--on\"><strong>Conectividad de alta velocidad:<\/strong> Internet dedicado y conexiones seguras para garantizar la continuidad del negocio.<\/li>\n\n\n\n<li class=\"ext-animate--on\"><strong>Telefon\u00eda IP:<\/strong> Soluciones de comunicaci\u00f3n modernas y flexibles para mejorar la atenci\u00f3n al cliente.<\/li>\n\n\n\n<li class=\"ext-animate--on\"><strong>Servicios en la nube:<\/strong> Almacenamiento, respaldo y aplicaciones para optimizar operaciones y reducir costos.<\/li>\n\n\n\n<li class=\"ext-animate--on\"><strong>Soporte t\u00e9cnico 24\/7:<\/strong> Asistencia especializada para resolver cualquier incidencia r\u00e1pidamente.<\/li>\n<\/ul>\n\n\n\n<p class=\"has-text-align-full is-style-ext-preset--group--natural-1--section ext-animate--on has-background-background-color has-background\" id=\"preguntas-frecuentes\" style=\"margin-top:0;margin-bottom:0;padding-top:var(--wp--preset--spacing--70);padding-bottom:var(--wp--preset--spacing--70)\">Conectividad Telefon\u00eda IP Servicios en la nube \u00a8C22C \u00a8C23C \u00a8C24C Soporte 24\/7<br><\/p>\n\n\n\n<hundefined class=\"wp-block-heading alignfull is-style-ext-preset--group--natural-1--section ext-animate--on has-background-background-color has-background\" id=\"preguntas-frecuentes\" style=\"margin-top:0;margin-bottom:0;padding-top:var(--wp--preset--spacing--70);padding-bottom:var(--wp--preset--spacing--70)\">Beneficios para las Pymes con Venzatel<\/hundefined>\n\n\n\n<p class=\"has-text-align-full is-style-ext-preset--group--natural-1--section ext-animate--on has-background-background-color has-background\" id=\"preguntas-frecuentes\" style=\"margin-top:0;margin-bottom:0;padding-top:var(--wp--preset--spacing--70);padding-bottom:var(--wp--preset--spacing--70)\">Al asociarse con Venzatel, las Pymes en Venezuela pueden disfrutar de m\u00faltiples beneficios que les permiten crecer y competir en igualdad de condiciones:<\/p>\n\n\n\n<ul style=\"margin-top:0;margin-bottom:0;padding-top:var(--wp--preset--spacing--70);padding-bottom:var(--wp--preset--spacing--70)\" id=\"preguntas-frecuentes\" class=\"wp-block-list is-style-ext-preset--group--natural-1--section ext-animate--on has-background-background-color has-background\">\n<li class=\"ext-animate--on\"><strong>Mejor acceso a tecnolog\u00eda avanzada:<\/strong> Infraestructura moderna y confiable adaptada a sus necesidades.<\/li>\n\n\n\n<li class=\"ext-animate--on\"><strong>Reducci\u00f3n de costos operativos:<\/strong> Soluciones integradas que optimizan recursos y aumentan la eficiencia.<\/li>\n\n\n\n<li class=\"ext-animate--on\"><strong>Incremento en la productividad:<\/strong> Herramientas digitales que facilitan procesos y comunicaci\u00f3n interna.<\/li>\n\n\n\n<li class=\"ext-animate--on\"><strong>Asesor\u00eda personalizada:<\/strong> Planes y servicios adaptados al tama\u00f1o y sector de cada empresa.<\/li>\n<\/ul>\n\n\n\n<p class=\"has-text-align-full is-style-ext-preset--group--natural-1--section ext-animate--on has-background-background-color has-background\" id=\"preguntas-frecuentes\" style=\"margin-top:0;margin-bottom:0;padding-top:var(--wp--preset--spacing--70);padding-bottom:var(--wp--preset--spacing--70)\">&lt;svg width=\u00bb400&#8243; height=\u00bb220&#8243; viewBox=\u00bb0 0 400 220&#8243; xmlns=\u00bbhttp:\/\/www.w3.org\/2000\/svg<\/p>\n\n\n\n<div class=\"wp-block-group alignfull is-style-ext-preset--group--natural-1--section has-tertiary-background-color has-background has-global-padding is-layout-constrained wp-container-core-group-is-layout-e955bbaf wp-block-group-is-layout-constrained is-style-ext-preset--group--natural-1--section--1\" style=\"margin-top:0;margin-bottom:0;padding-top:var(--wp--preset--spacing--70);padding-bottom:var(--wp--preset--spacing--70)\">\n<div class=\"wp-block-media-text alignwide has-media-on-the-right is-stacked-on-mobile is-image-fill-element is-style-ext-preset--media-text--natural-1--card-1 ext-animate--on has-background-background-color has-background is-style-ext-preset--media-text--natural-1--card-1--2\"><div class=\"wp-block-media-text__content\">\n<div class=\"wp-block-group alignwide is-vertical is-layout-flex wp-container-core-group-is-layout-53474e87 wp-block-group-is-layout-flex\" style=\"padding-top:var(--wp--preset--spacing--60);padding-bottom:var(--wp--preset--spacing--60)\">\n<div class=\"wp-block-group has-global-padding is-layout-constrained wp-container-core-group-is-layout-812d5580 wp-block-group-is-layout-constrained\" style=\"padding-top:0;padding-right:0;padding-bottom:0;padding-left:0\">\n<h2 class=\"wp-block-heading\">Comienza tu camino hacia la innovaci\u00f3n ahora.<\/h2>\n\n\n\n<p>Invitamos a nuestros visitantes a descubrir c\u00f3mo Venzatel puede transformar su negocio, ofreciendo soluciones tecnol\u00f3gicas avanzadas y soporte personalizado. Te guiamos paso a paso para que aproveches al m\u00e1ximo nuestros servicios.<\/p>\n<\/div>\n\n\n\n<div class=\"wp-block-buttons is-layout-flex wp-block-buttons-is-layout-flex\">\n<div class=\"wp-block-button is-style-ext-preset--button--natural-1--button-1 is-style-ext-preset--button--natural-1--button-1--3\"><a class=\"wp-block-button__link wp-element-button\" href=\"https:\/\/site.venzatel.com\/sistema\/servicios\">Descubre m\u00e1s<\/a><\/div>\n<\/div>\n<\/div>\n<\/div><figure class=\"wp-block-media-text__media\"><img loading=\"lazy\" decoding=\"async\" width=\"995\" height=\"1440\" src=\"https:\/\/site.venzatel.com\/sistema\/wp-content\/uploads\/2026\/05\/cfaea0d6401ec34b66a35351094c26a73080ea77.jpg\" alt=\"\" class=\"wp-image-43 size-full\" style=\"object-position:50% 50%\" srcset=\"https:\/\/site.venzatel.com\/sistema\/wp-content\/uploads\/2026\/05\/cfaea0d6401ec34b66a35351094c26a73080ea77.jpg 995w, https:\/\/site.venzatel.com\/sistema\/wp-content\/uploads\/2026\/05\/cfaea0d6401ec34b66a35351094c26a73080ea77-207x300.jpg 207w, https:\/\/site.venzatel.com\/sistema\/wp-content\/uploads\/2026\/05\/cfaea0d6401ec34b66a35351094c26a73080ea77-708x1024.jpg 708w, https:\/\/site.venzatel.com\/sistema\/wp-content\/uploads\/2026\/05\/cfaea0d6401ec34b66a35351094c26a73080ea77-768x1111.jpg 768w\" sizes=\"auto, (max-width: 995px) 100vw, 995px\" \/><\/figure><\/div>\n<\/div>\n\n\n\n<div class=\"wp-block-group alignfull is-style-ext-preset--group--natural-1--section ext-animate--off has-background-background-color has-background has-global-padding is-layout-constrained wp-block-group-is-layout-constrained is-style-ext-preset--group--natural-1--section--4\" id=\"contacto\" style=\"margin-top:0;margin-bottom:0;padding-top:var(--wp--preset--spacing--70);padding-bottom:var(--wp--preset--spacing--70)\">\n<div class=\"wp-block-media-text alignwide has-media-on-the-right is-stacked-on-mobile is-image-fill-element is-style-ext-preset--media-text--natural-1--card-1 ext-animate--on has-tertiary-background-color has-background is-style-ext-preset--media-text--natural-1--card-1--5\" style=\"grid-template-columns:auto 48%\"><div class=\"wp-block-media-text__content\">\n<div class=\"wp-block-group alignwide ext-animate--off has-global-padding is-layout-constrained wp-container-core-group-is-layout-48493932 wp-block-group-is-layout-constrained\" style=\"padding-top:var(--wp--preset--spacing--55);padding-right:var(--wp--preset--spacing--55);padding-bottom:var(--wp--preset--spacing--55);padding-left:var(--wp--preset--spacing--55)\"><div class=\"wpforms-container wpforms-block wpforms-block-406c62bf-d413-4f54-9e34-6ea96a36e1dd wpforms-render-modern\" id=\"wpforms-12\"><form id=\"wpforms-form-12\" class=\"wpforms-validate wpforms-form wpforms-ajax-form\" data-formid=\"12\" method=\"post\" enctype=\"multipart\/form-data\" action=\"\/sistema\/wp-json\/wp\/v2\/pages\/17\" data-token=\"1ed44a311e156eb9564019559250de57\" data-token-time=\"1778309989\"><noscript class=\"wpforms-error-noscript\">Por favor, activa JavaScript en tu navegador para completar este formulario.<\/noscript><div id=\"wpforms-error-noscript\" style=\"display: none;\">Por favor, activa JavaScript en tu navegador para completar este formulario.<\/div><div class=\"wpforms-field-container\"><div id=\"wpforms-12-field_1-container\" class=\"wpforms-field wpforms-field-name\" data-field-id=\"1\"><label class=\"wpforms-field-label\" for=\"wpforms-12-field_1\">Nombre <span class=\"wpforms-required-label\" aria-hidden=\"true\">*<\/span><\/label><input type=\"text\" id=\"wpforms-12-field_1\" class=\"wpforms-field-large wpforms-field-required\" name=\"wpforms[fields][1]\" aria-errormessage=\"wpforms-12-field_1-error\" required><\/div><div id=\"wpforms-12-field_2-container\" class=\"wpforms-field wpforms-field-email\" data-field-id=\"2\"><label class=\"wpforms-field-label\" for=\"wpforms-12-field_2\">Correo electr\u00f3nico <span class=\"wpforms-required-label\" aria-hidden=\"true\">*<\/span><\/label><input type=\"email\" id=\"wpforms-12-field_2\" class=\"wpforms-field-large wpforms-field-required\" name=\"wpforms[fields][2]\" spellcheck=\"false\" aria-errormessage=\"wpforms-12-field_2-error\" required><\/div>\t\t<div id=\"wpforms-12-field_5-container\"\n\t\t\tclass=\"wpforms-field wpforms-field-text\"\n\t\t\tdata-field-type=\"text\"\n\t\t\tdata-field-id=\"5\"\n\t\t\t>\n\t\t\t<label class=\"wpforms-field-label\" for=\"wpforms-12-field_5\" >Nombre Mensaje Asunto<\/label>\n\t\t\t<input type=\"text\" id=\"wpforms-12-field_5\" class=\"wpforms-field-medium\" name=\"wpforms[fields][5]\" >\n\t\t<\/div>\n\t\t<div id=\"wpforms-12-field_3-container\" class=\"wpforms-field wpforms-field-text\" data-field-id=\"3\"><label class=\"wpforms-field-label\" for=\"wpforms-12-field_3\">Asunto<\/label><input type=\"text\" id=\"wpforms-12-field_3\" class=\"wpforms-field-large\" name=\"wpforms[fields][3]\" aria-errormessage=\"wpforms-12-field_3-error\" ><\/div><div id=\"wpforms-12-field_4-container\" class=\"wpforms-field wpforms-field-textarea\" data-field-id=\"4\"><label class=\"wpforms-field-label\" for=\"wpforms-12-field_4\">Mensaje <span class=\"wpforms-required-label\" aria-hidden=\"true\">*<\/span><\/label><textarea id=\"wpforms-12-field_4\" class=\"wpforms-field-large wpforms-field-required\" name=\"wpforms[fields][4]\" aria-errormessage=\"wpforms-12-field_4-error\" required><\/textarea><\/div><script>\n\t\t\t\t( function() {\n\t\t\t\t\tconst style = document.createElement( 'style' );\n\t\t\t\t\tstyle.appendChild( document.createTextNode( '#wpforms-12-field_5-container { position: absolute !important; overflow: hidden !important; display: inline !important; height: 1px !important; width: 1px !important; z-index: -1000 !important; padding: 0 !important; } #wpforms-12-field_5-container input { visibility: hidden; } #wpforms-conversational-form-page #wpforms-12-field_5-container label { counter-increment: none; }' ) );\n\t\t\t\t\tdocument.head.appendChild( style );\n\t\t\t\t\tdocument.currentScript?.remove();\n\t\t\t\t} )();\n\t\t\t<\/script><\/div><!-- .wpforms-field-container --><div class=\"wpforms-submit-container\" ><input type=\"hidden\" name=\"wpforms[id]\" value=\"12\"><input type=\"hidden\" name=\"page_title\" value=\"\"><input type=\"hidden\" name=\"page_url\" value=\"https:\/\/site.venzatel.com\/sistema\/wp-json\/wp\/v2\/pages\/17\"><input type=\"hidden\" name=\"url_referer\" value=\"\"><button type=\"submit\" name=\"wpforms[submit]\" id=\"wpforms-submit-12\" class=\"wpforms-submit\" data-alt-text=\"Enviando...\" data-submit-text=\"Enviar\" aria-live=\"assertive\" value=\"wpforms-submit\">Enviar<\/button><img loading=\"lazy\" decoding=\"async\" src=\"https:\/\/site.venzatel.com\/sistema\/wp-content\/plugins\/wpforms-lite\/assets\/images\/submit-spin.svg\" class=\"wpforms-submit-spinner\" style=\"display: none;\" width=\"26\" height=\"26\" alt=\"Cargando\"><\/div><\/form><\/div>  <!-- .wpforms-container --><\/div>\n<\/div><figure class=\"wp-block-media-text__media\"><img loading=\"lazy\" decoding=\"async\" width=\"995\" height=\"1440\" src=\"https:\/\/site.venzatel.com\/sistema\/wp-content\/uploads\/2026\/05\/cfaea0d6401ec34b66a35351094c26a73080ea77.jpg\" alt=\"\" class=\"wp-image-43 size-full\" style=\"object-position:50% 50%\" srcset=\"https:\/\/site.venzatel.com\/sistema\/wp-content\/uploads\/2026\/05\/cfaea0d6401ec34b66a35351094c26a73080ea77.jpg 995w, https:\/\/site.venzatel.com\/sistema\/wp-content\/uploads\/2026\/05\/cfaea0d6401ec34b66a35351094c26a73080ea77-207x300.jpg 207w, https:\/\/site.venzatel.com\/sistema\/wp-content\/uploads\/2026\/05\/cfaea0d6401ec34b66a35351094c26a73080ea77-708x1024.jpg 708w, https:\/\/site.venzatel.com\/sistema\/wp-content\/uploads\/2026\/05\/cfaea0d6401ec34b66a35351094c26a73080ea77-768x1111.jpg 768w\" sizes=\"auto, (max-width: 995px) 100vw, 995px\" \/><\/figure><\/div>\n<\/div>\n","protected":false},"excerpt":{"rendered":"<p>Venzatel y las Pymes en Venezuela Venzatel y las Pymes en Venezuela Impulsando el crecimiento y la conectividad de las peque\u00f1as y medianas empresas \u00bfQu\u00e9 es Venzatel? Venzatel es una empresa l\u00edder en telecomunicaciones en Venezuela que busca transformar la manera en que las Pymes acceden a servicios tecnol\u00f3gicos, conectividad y soluciones digitales para potenciar [&hellip;]<\/p>\n","protected":false},"author":1,"featured_media":0,"parent":0,"menu_order":0,"comment_status":"closed","ping_status":"closed","template":"page-with-title","meta":{"footnotes":""},"class_list":["post-17","page","type-page","status-publish","hentry"],"_links":{"self":[{"href":"https:\/\/site.venzatel.com\/sistema\/wp-json\/wp\/v2\/pages\/17","targetHints":{"allow":["GET"]}}],"collection":[{"href":"https:\/\/site.venzatel.com\/sistema\/wp-json\/wp\/v2\/pages"}],"about":[{"href":"https:\/\/site.venzatel.com\/sistema\/wp-json\/wp\/v2\/types\/page"}],"author":[{"embeddable":true,"href":"https:\/\/site.venzatel.com\/sistema\/wp-json\/wp\/v2\/users\/1"}],"replies":[{"embeddable":true,"href":"https:\/\/site.venzatel.com\/sistema\/wp-json\/wp\/v2\/comments?post=17"}],"version-history":[{"count":3,"href":"https:\/\/site.venzatel.com\/sistema\/wp-json\/wp\/v2\/pages\/17\/revisions"}],"predecessor-version":[{"id":66,"href":"https:\/\/site.venzatel.com\/sistema\/wp-json\/wp\/v2\/pages\/17\/revisions\/66"}],"wp:attachment":[{"href":"https:\/\/site.venzatel.com\/sistema\/wp-json\/wp\/v2\/media?parent=17"}],"curies":[{"name":"wp","href":"https:\/\/api.w.org\/{rel}","templated":true}]}}