{"id":18,"date":"2026-05-04T20:53:35","date_gmt":"2026-05-04T20:53:35","guid":{"rendered":"https:\/\/site.venzatel.com\/sistema\/servicios\/"},"modified":"2026-05-04T21:41:50","modified_gmt":"2026-05-04T21:41:50","slug":"servicios","status":"publish","type":"page","link":"https:\/\/site.venzatel.com\/sistema\/servicios\/","title":{"rendered":"Servicios"},"content":{"rendered":"\n<div class=\"wp-block-group alignfull is-style-ext-preset--group--natural-1--section has-background-background-color has-background has-global-padding is-layout-constrained wp-container-core-group-is-layout-e955bbaf wp-block-group-is-layout-constrained is-style-ext-preset--group--natural-1--section--1\" id=\"servicios\" style=\"margin-top:0;margin-bottom:0;padding-top:var(--wp--preset--spacing--70);padding-bottom:var(--wp--preset--spacing--70)\">\n<div class=\"wp-block-group alignwide ext-is-logical-start has-global-padding is-content-justification-left is-layout-constrained wp-container-core-group-is-layout-6729bdbe wp-block-group-is-layout-constrained\">\n<h2 class=\"wp-block-heading ext-animate--on\">Nuestros Servicios Profesionales<\/h2>\n\n\n\n<p class=\"has-text-align-left ext-animate--on\">Descubra la amplia gama de soluciones tecnol\u00f3gicas que brindamos, enfoc\u00e1ndonos en la innovaci\u00f3n y la excelencia para su empresa.<\/p>\n<\/div>\n\n\n\n<div class=\"wp-block-columns alignwide is-layout-flex wp-container-core-columns-is-layout-08c01c1c wp-block-columns-is-layout-flex\">\n<div class=\"wp-block-column is-vertically-aligned-stretch ext-animate--on is-layout-flow wp-container-core-column-is-layout-119bc444 wp-block-column-is-layout-flow\">\n<div class=\"wp-block-media-text is-stacked-on-mobile is-image-fill-element is-style-ext-preset--media-text--natural-1--card-1 has-tertiary-background-color has-background is-style-ext-preset--media-text--natural-1--card-1--2\"><figure class=\"wp-block-media-text__media\"><img loading=\"lazy\" decoding=\"async\" width=\"1440\" height=\"734\" class=\"wp-image-33 size-full\" src=\"https:\/\/site.venzatel.com\/sistema\/wp-content\/uploads\/2026\/05\/c1334a70c257043ba2b5ae7dfe108c6393a7906f.jpg\" alt=\"\" style=\"object-position:50% 50%\" srcset=\"https:\/\/site.venzatel.com\/sistema\/wp-content\/uploads\/2026\/05\/c1334a70c257043ba2b5ae7dfe108c6393a7906f.jpg 1440w, https:\/\/site.venzatel.com\/sistema\/wp-content\/uploads\/2026\/05\/c1334a70c257043ba2b5ae7dfe108c6393a7906f-300x153.jpg 300w, https:\/\/site.venzatel.com\/sistema\/wp-content\/uploads\/2026\/05\/c1334a70c257043ba2b5ae7dfe108c6393a7906f-1024x522.jpg 1024w, https:\/\/site.venzatel.com\/sistema\/wp-content\/uploads\/2026\/05\/c1334a70c257043ba2b5ae7dfe108c6393a7906f-768x391.jpg 768w\" sizes=\"auto, (max-width: 1440px) 100vw, 1440px\" \/><\/figure><div class=\"wp-block-media-text__content\">\n<div class=\"wp-block-group is-style-default has-global-padding is-layout-constrained wp-container-core-group-is-layout-9a7b35d3 wp-block-group-is-layout-constrained\" style=\"padding-top:var(--wp--preset--spacing--40);padding-right:var(--wp--preset--spacing--30);padding-bottom:var(--wp--preset--spacing--40);padding-left:var(--wp--preset--spacing--30)\">\n<h3 class=\"wp-block-heading\" style=\"font-size:clamp(15.747px, 0.984rem + ((1vw - 3.2px) * 0.86), 24px);\">Consultor\u00eda Tecnol\u00f3gica<\/h3>\n\n\n\n<p class=\"has-small-font-size\">Brindamos asesor\u00eda experta para optimizar sus procesos y maximizar el potencial de sus sistemas digitales.<\/p>\n<\/div>\n<\/div><\/div>\n<\/div>\n\n\n\n<div class=\"wp-block-column is-vertically-aligned-stretch ext-animate--on is-layout-flow wp-container-core-column-is-layout-119bc444 wp-block-column-is-layout-flow\">\n<div class=\"wp-block-media-text is-stacked-on-mobile is-image-fill-element is-style-ext-preset--media-text--natural-1--card-1 has-tertiary-background-color has-background is-style-ext-preset--media-text--natural-1--card-1--3\"><figure class=\"wp-block-media-text__media\"><img loading=\"lazy\" decoding=\"async\" width=\"810\" height=\"1440\" class=\"wp-image-28 size-full\" src=\"https:\/\/site.venzatel.com\/sistema\/wp-content\/uploads\/2026\/05\/c765b16ebb9931583c571313d27c6266cfeede01.jpg\" alt=\"\" style=\"object-position:50% 50%\" srcset=\"https:\/\/site.venzatel.com\/sistema\/wp-content\/uploads\/2026\/05\/c765b16ebb9931583c571313d27c6266cfeede01.jpg 810w, https:\/\/site.venzatel.com\/sistema\/wp-content\/uploads\/2026\/05\/c765b16ebb9931583c571313d27c6266cfeede01-169x300.jpg 169w, https:\/\/site.venzatel.com\/sistema\/wp-content\/uploads\/2026\/05\/c765b16ebb9931583c571313d27c6266cfeede01-576x1024.jpg 576w, https:\/\/site.venzatel.com\/sistema\/wp-content\/uploads\/2026\/05\/c765b16ebb9931583c571313d27c6266cfeede01-768x1365.jpg 768w\" sizes=\"auto, (max-width: 810px) 100vw, 810px\" \/><\/figure><div class=\"wp-block-media-text__content\">\n<div class=\"wp-block-group is-style-default has-global-padding is-layout-constrained wp-container-core-group-is-layout-9a7b35d3 wp-block-group-is-layout-constrained\" style=\"padding-top:var(--wp--preset--spacing--40);padding-right:var(--wp--preset--spacing--30);padding-bottom:var(--wp--preset--spacing--40);padding-left:var(--wp--preset--spacing--30)\">\n<h3 class=\"wp-block-heading\" style=\"font-size:clamp(15.747px, 0.984rem + ((1vw - 3.2px) * 0.86), 24px);\">Desarrollo Web<\/h3>\n\n\n\n<p class=\"has-small-font-size\">Creamos p\u00e1ginas web modernas y din\u00e1micas, adaptadas a sus necesidades y a las \u00faltimas tendencias tecnol\u00f3gicas.<\/p>\n<\/div>\n<\/div><\/div>\n<\/div>\n<\/div>\n\n\n\n<div class=\"wp-block-columns alignwide is-layout-flex wp-container-core-columns-is-layout-967d05ff wp-block-columns-is-layout-flex\" style=\"margin-top:var(--wp--preset--spacing--40)\">\n<div class=\"wp-block-column is-vertically-aligned-stretch ext-animate--on is-layout-flow wp-container-core-column-is-layout-119bc444 wp-block-column-is-layout-flow\">\n<div class=\"wp-block-media-text is-stacked-on-mobile is-image-fill-element is-style-ext-preset--media-text--natural-1--card-1 has-tertiary-background-color has-background is-style-ext-preset--media-text--natural-1--card-1--4\"><figure class=\"wp-block-media-text__media\"><img loading=\"lazy\" decoding=\"async\" width=\"995\" height=\"1440\" class=\"wp-image-34 size-full\" src=\"https:\/\/site.venzatel.com\/sistema\/wp-content\/uploads\/2026\/05\/4b9015ef01e2a06901a3429ce4567db688447a65.jpg\" alt=\"\" style=\"object-position:50% 50%\" srcset=\"https:\/\/site.venzatel.com\/sistema\/wp-content\/uploads\/2026\/05\/4b9015ef01e2a06901a3429ce4567db688447a65.jpg 995w, https:\/\/site.venzatel.com\/sistema\/wp-content\/uploads\/2026\/05\/4b9015ef01e2a06901a3429ce4567db688447a65-207x300.jpg 207w, https:\/\/site.venzatel.com\/sistema\/wp-content\/uploads\/2026\/05\/4b9015ef01e2a06901a3429ce4567db688447a65-708x1024.jpg 708w, https:\/\/site.venzatel.com\/sistema\/wp-content\/uploads\/2026\/05\/4b9015ef01e2a06901a3429ce4567db688447a65-768x1111.jpg 768w\" sizes=\"auto, (max-width: 995px) 100vw, 995px\" \/><\/figure><div class=\"wp-block-media-text__content\">\n<div class=\"wp-block-group is-style-default has-global-padding is-layout-constrained wp-container-core-group-is-layout-9a7b35d3 wp-block-group-is-layout-constrained\" style=\"padding-top:var(--wp--preset--spacing--40);padding-right:var(--wp--preset--spacing--30);padding-bottom:var(--wp--preset--spacing--40);padding-left:var(--wp--preset--spacing--30)\">\n<h3 class=\"wp-block-heading\" style=\"font-size:clamp(15.747px, 0.984rem + ((1vw - 3.2px) * 0.86), 24px);\">Soporte T\u00e9cnico<\/h3>\n\n\n\n<p class=\"has-small-font-size\">Ofrecemos mantenimiento y asistencia continua para garantizar el funcionamiento \u00f3ptimo de sus infraestructuras.<\/p>\n<\/div>\n<\/div><\/div>\n<\/div>\n\n\n\n<div class=\"wp-block-column is-vertically-aligned-stretch ext-animate--on is-layout-flow wp-container-core-column-is-layout-119bc444 wp-block-column-is-layout-flow\">\n<div class=\"wp-block-media-text is-stacked-on-mobile is-image-fill-element is-style-ext-preset--media-text--natural-1--card-1 has-tertiary-background-color has-background is-style-ext-preset--media-text--natural-1--card-1--5\"><figure class=\"wp-block-media-text__media\"><img loading=\"lazy\" decoding=\"async\" width=\"1440\" height=\"961\" class=\"wp-image-29 size-full\" src=\"https:\/\/site.venzatel.com\/sistema\/wp-content\/uploads\/2026\/05\/fb5a615eb97b9700f0504c7df924484505c98f82.jpg\" alt=\"\" style=\"object-position:50% 50%\" srcset=\"https:\/\/site.venzatel.com\/sistema\/wp-content\/uploads\/2026\/05\/fb5a615eb97b9700f0504c7df924484505c98f82.jpg 1440w, https:\/\/site.venzatel.com\/sistema\/wp-content\/uploads\/2026\/05\/fb5a615eb97b9700f0504c7df924484505c98f82-300x200.jpg 300w, https:\/\/site.venzatel.com\/sistema\/wp-content\/uploads\/2026\/05\/fb5a615eb97b9700f0504c7df924484505c98f82-1024x683.jpg 1024w, https:\/\/site.venzatel.com\/sistema\/wp-content\/uploads\/2026\/05\/fb5a615eb97b9700f0504c7df924484505c98f82-768x513.jpg 768w\" sizes=\"auto, (max-width: 1440px) 100vw, 1440px\" \/><\/figure><div class=\"wp-block-media-text__content\">\n<div class=\"wp-block-group is-style-default has-global-padding is-layout-constrained wp-container-core-group-is-layout-9a7b35d3 wp-block-group-is-layout-constrained\" style=\"padding-top:var(--wp--preset--spacing--40);padding-right:var(--wp--preset--spacing--30);padding-bottom:var(--wp--preset--spacing--40);padding-left:var(--wp--preset--spacing--30)\">\n<h3 class=\"wp-block-heading\" style=\"font-size:clamp(15.747px, 0.984rem + ((1vw - 3.2px) * 0.86), 24px);\">Integraci\u00f3n de Sistemas<\/h3>\n\n\n\n<p class=\"has-small-font-size\">Implementamos soluciones integrales que mejoran la conectividad y eficiencia de sus plataformas digitales.<\/p>\n<\/div>\n<\/div><\/div>\n<\/div>\n<\/div>\n<\/div>\n\n<div class=\"wp-block-group alignfull is-style-ext-preset--group--natural-1--section has-tertiary-background-color has-background has-global-padding is-layout-constrained wp-container-core-group-is-layout-e955bbaf wp-block-group-is-layout-constrained is-style-ext-preset--group--natural-1--section--6\" id=\"caracteristicas\" style=\"margin-top:0;margin-bottom:0;padding-top:var(--wp--preset--spacing--70);padding-bottom:var(--wp--preset--spacing--70)\">\n<h2 class=\"wp-block-heading has-text-align-center ext-animate--on\">Descubre los servicios tecnol\u00f3gicos que ofrecemos.<\/h2>\n\n\n\n<p class=\"has-text-align-center ext-animate--on\" style=\"margin-top:1.5rem\">Conoce nuestras soluciones innovadoras y personalizadas que posicionan a Venzatel como l\u00edder en tecnolog\u00eda avanzada.<\/p>\n\n\n\n<div class=\"wp-block-columns alignwide is-layout-flex wp-container-core-columns-is-layout-08c01c1c wp-block-columns-is-layout-flex\">\n<div class=\"wp-block-column ext-animate--on is-layout-flow wp-block-column-is-layout-flow\">\n<div class=\"wp-block-group is-style-ext-preset--group--natural-1--item-card-1--align-center has-global-padding is-layout-constrained wp-block-group-is-layout-constrained is-style-ext-preset--group--natural-1--item-card-1--align-center--7\">\n<figure class=\"wp-block-image\"><img loading=\"lazy\" decoding=\"async\" width=\"1440\" height=\"960\" class=\"wp-image-31\" src=\"https:\/\/site.venzatel.com\/sistema\/wp-content\/uploads\/2026\/05\/28cb4f95147d62934f9af006cc816b6b4b67f512.jpg\" alt=\"\" style=\"aspect-ratio:4\/3;object-fit:cover\" srcset=\"https:\/\/site.venzatel.com\/sistema\/wp-content\/uploads\/2026\/05\/28cb4f95147d62934f9af006cc816b6b4b67f512.jpg 1440w, https:\/\/site.venzatel.com\/sistema\/wp-content\/uploads\/2026\/05\/28cb4f95147d62934f9af006cc816b6b4b67f512-300x200.jpg 300w, https:\/\/site.venzatel.com\/sistema\/wp-content\/uploads\/2026\/05\/28cb4f95147d62934f9af006cc816b6b4b67f512-1024x683.jpg 1024w, https:\/\/site.venzatel.com\/sistema\/wp-content\/uploads\/2026\/05\/28cb4f95147d62934f9af006cc816b6b4b67f512-768x512.jpg 768w\" sizes=\"auto, (max-width: 1440px) 100vw, 1440px\" \/><\/figure>\n\n\n\n<div class=\"wp-block-group is-style-default has-global-padding is-layout-constrained wp-block-group-is-layout-constrained\">\n<h3 class=\"wp-block-heading has-text-align-center\">Consultor\u00eda Tecnol\u00f3gica<\/h3>\n\n\n\n<p class=\"has-text-align-center\">Asesoramos en la implementaci\u00f3n de sistemas adaptados a tus necesidades.<\/p>\n<\/div>\n<\/div>\n<\/div>\n\n\n\n<div class=\"wp-block-column ext-animate--on is-layout-flow wp-block-column-is-layout-flow\">\n<div class=\"wp-block-group is-style-ext-preset--group--natural-1--item-card-1--align-center has-global-padding is-layout-constrained wp-block-group-is-layout-constrained is-style-ext-preset--group--natural-1--item-card-1--align-center--8\">\n<figure class=\"wp-block-image\"><img loading=\"lazy\" decoding=\"async\" width=\"995\" height=\"1440\" class=\"wp-image-30\" src=\"https:\/\/site.venzatel.com\/sistema\/wp-content\/uploads\/2026\/05\/bd8fbfb90814e7a541c08bc63de6386f68d0360e.jpg\" alt=\"\" style=\"aspect-ratio:4\/3;object-fit:cover\" srcset=\"https:\/\/site.venzatel.com\/sistema\/wp-content\/uploads\/2026\/05\/bd8fbfb90814e7a541c08bc63de6386f68d0360e.jpg 995w, https:\/\/site.venzatel.com\/sistema\/wp-content\/uploads\/2026\/05\/bd8fbfb90814e7a541c08bc63de6386f68d0360e-207x300.jpg 207w, https:\/\/site.venzatel.com\/sistema\/wp-content\/uploads\/2026\/05\/bd8fbfb90814e7a541c08bc63de6386f68d0360e-708x1024.jpg 708w, https:\/\/site.venzatel.com\/sistema\/wp-content\/uploads\/2026\/05\/bd8fbfb90814e7a541c08bc63de6386f68d0360e-768x1111.jpg 768w\" sizes=\"auto, (max-width: 995px) 100vw, 995px\" \/><\/figure>\n\n\n\n<div class=\"wp-block-group is-style-default has-global-padding is-layout-constrained wp-block-group-is-layout-constrained\">\n<h3 class=\"wp-block-heading has-text-align-center\">Desarrollo de Software<\/h3>\n\n\n\n<p class=\"has-text-align-center\">Creamos aplicaciones a medida con tecnolog\u00edas de \u00faltima generaci\u00f3n.<\/p>\n<\/div>\n<\/div>\n<\/div>\n\n\n\n<div class=\"wp-block-column ext-animate--on is-layout-flow wp-block-column-is-layout-flow\">\n<div class=\"wp-block-group is-style-ext-preset--group--natural-1--item-card-1--align-center has-global-padding is-layout-constrained wp-block-group-is-layout-constrained is-style-ext-preset--group--natural-1--item-card-1--align-center--9\">\n<figure class=\"wp-block-image\"><img loading=\"lazy\" decoding=\"async\" width=\"810\" height=\"1440\" class=\"wp-image-28\" src=\"https:\/\/site.venzatel.com\/sistema\/wp-content\/uploads\/2026\/05\/c765b16ebb9931583c571313d27c6266cfeede01.jpg\" alt=\"\" style=\"aspect-ratio:4\/3;object-fit:cover\" srcset=\"https:\/\/site.venzatel.com\/sistema\/wp-content\/uploads\/2026\/05\/c765b16ebb9931583c571313d27c6266cfeede01.jpg 810w, https:\/\/site.venzatel.com\/sistema\/wp-content\/uploads\/2026\/05\/c765b16ebb9931583c571313d27c6266cfeede01-169x300.jpg 169w, https:\/\/site.venzatel.com\/sistema\/wp-content\/uploads\/2026\/05\/c765b16ebb9931583c571313d27c6266cfeede01-576x1024.jpg 576w, https:\/\/site.venzatel.com\/sistema\/wp-content\/uploads\/2026\/05\/c765b16ebb9931583c571313d27c6266cfeede01-768x1365.jpg 768w\" sizes=\"auto, (max-width: 810px) 100vw, 810px\" \/><\/figure>\n\n\n\n<div class=\"wp-block-group is-style-default has-global-padding is-layout-constrained wp-block-group-is-layout-constrained\">\n<h3 class=\"wp-block-heading has-text-align-center\">Soporte y Mantenimiento<\/h3>\n\n\n\n<p class=\"has-text-align-center\">Brindamos asistencia t\u00e9cnica continua para garantizar la operatividad de tus sistemas.<\/p>\n<\/div>\n<\/div>\n<\/div>\n<\/div>\n<\/div>\n\n<div class=\"wp-block-group alignfull is-style-ext-preset--group--natural-1--section has-background-background-color has-background has-global-padding is-layout-constrained wp-block-group-is-layout-constrained is-style-ext-preset--group--natural-1--section--10\" style=\"margin-top:0;margin-bottom:0;padding-top:var(--wp--preset--spacing--70);padding-bottom:var(--wp--preset--spacing--70)\">\n<div class=\"wp-block-columns alignwide is-layout-flex wp-container-core-columns-is-layout-174606dc wp-block-columns-is-layout-flex\">\n<div class=\"wp-block-column is-vertically-aligned-top ext-animate--on is-layout-flow wp-block-column-is-layout-flow\">\n<h2 class=\"wp-block-heading ext-animate--off\">Impulsa tu crecimiento con soluciones tecnol\u00f3gicas de vanguardia.<\/h2>\n<\/div>\n\n\n\n<div class=\"wp-block-column is-layout-flow wp-block-column-is-layout-flow\">\n<p class=\"ext-animate--on\">Descubre c\u00f3mo nuestras innovadoras soluciones en telecomunicaciones pueden transformar tu negocio. \u00danete a Venzatel para optimizar tu conectividad y estar siempre un paso adelante.<\/p>\n\n\n\n<div class=\"wp-block-buttons ext-animate--on is-layout-flex wp-block-buttons-is-layout-flex\">\n<div class=\"wp-block-button is-style-ext-preset--button--natural-1--button-1 is-style-ext-preset--button--natural-1--button-1--11\"><a class=\"wp-block-button__link wp-element-button\" href=\"https:\/\/site.venzatel.com\/sistema\/contacto\">Conoce nuestros servicios<\/a><\/div>\n<\/div>\n<\/div>\n<\/div>\n<\/div>\n","protected":false},"excerpt":{"rendered":"<p>Nuestros Servicios Profesionales Descubra la amplia gama de soluciones tecnol\u00f3gicas que brindamos, enfoc\u00e1ndonos en la innovaci\u00f3n y la excelencia para su empresa. Consultor\u00eda Tecnol\u00f3gica Brindamos asesor\u00eda experta para optimizar sus procesos y maximizar el potencial de sus sistemas digitales. Desarrollo Web Creamos p\u00e1ginas web modernas y din\u00e1micas, adaptadas a sus necesidades y a las \u00faltimas [&hellip;]<\/p>\n","protected":false},"author":1,"featured_media":0,"parent":0,"menu_order":0,"comment_status":"closed","ping_status":"closed","template":"page-with-title","meta":{"footnotes":""},"class_list":["post-18","page","type-page","status-publish","hentry"],"_links":{"self":[{"href":"https:\/\/site.venzatel.com\/sistema\/wp-json\/wp\/v2\/pages\/18","targetHints":{"allow":["GET"]}}],"collection":[{"href":"https:\/\/site.venzatel.com\/sistema\/wp-json\/wp\/v2\/pages"}],"about":[{"href":"https:\/\/site.venzatel.com\/sistema\/wp-json\/wp\/v2\/types\/page"}],"author":[{"embeddable":true,"href":"https:\/\/site.venzatel.com\/sistema\/wp-json\/wp\/v2\/users\/1"}],"replies":[{"embeddable":true,"href":"https:\/\/site.venzatel.com\/sistema\/wp-json\/wp\/v2\/comments?post=18"}],"version-history":[{"count":2,"href":"https:\/\/site.venzatel.com\/sistema\/wp-json\/wp\/v2\/pages\/18\/revisions"}],"predecessor-version":[{"id":54,"href":"https:\/\/site.venzatel.com\/sistema\/wp-json\/wp\/v2\/pages\/18\/revisions\/54"}],"wp:attachment":[{"href":"https:\/\/site.venzatel.com\/sistema\/wp-json\/wp\/v2\/media?parent=18"}],"curies":[{"name":"wp","href":"https:\/\/api.w.org\/{rel}","templated":true}]}}