{"id":92,"date":"2026-05-07T21:07:57","date_gmt":"2026-05-07T21:07:57","guid":{"rendered":"https:\/\/site.venzatel.com\/sistema\/?page_id=92"},"modified":"2026-05-07T21:53:14","modified_gmt":"2026-05-07T21:53:14","slug":"gestion-y-soporte","status":"publish","type":"page","link":"https:\/\/site.venzatel.com\/sistema\/gestion-y-soporte\/","title":{"rendered":"Gesti\u00f3n y Soporte"},"content":{"rendered":"\n<div class=\"wp-block-group alignfull is-style-ext-preset--group--natural-1--section ext-animate--on has-background-background-color has-background has-global-padding is-layout-constrained wp-container-core-group-is-layout-e955bbaf wp-block-group-is-layout-constrained is-style-ext-preset--group--natural-1--section--1\" style=\"margin-top:0;margin-bottom:0;padding-top:var(--wp--preset--spacing--70);padding-bottom:var(--wp--preset--spacing--70)\">\n<h2 class=\"wp-block-heading has-text-align-center ext-animate--on\">Optimiza tus Procesos con Gesti\u00f3n y Soporte Especializados<\/h2>\n\n\n\n<p class=\"has-text-align-center ext-animate--on\" style=\"margin-top:1.5rem\">Descubre c\u00f3mo nuestros servicios de autogesti\u00f3n, soporte e instalaci\u00f3n r\u00e1pida transforman y simplifican tus operaciones diarias.<\/p>\n\n\n\n<div class=\"wp-block-columns alignwide ext-animate--on is-layout-flex wp-container-core-columns-is-layout-08c01c1c wp-block-columns-is-layout-flex\">\n<div class=\"wp-block-column is-vertically-aligned-stretch ext-animate--on is-layout-flow wp-container-core-column-is-layout-f5bb311e wp-block-column-is-layout-flow\">\n<div class=\"wp-block-group is-style-ext-preset--group--natural-1--item-card-1--align-center ext-animate--on has-global-padding is-layout-constrained wp-block-group-is-layout-constrained is-style-ext-preset--group--natural-1--item-card-1--align-center--2\">\n<figure class=\"wp-block-image aligncenter size-large ext-aspect-landscape ext-animate--on\"><img loading=\"lazy\" decoding=\"async\" width=\"1440\" height=\"960\" class=\"wp-image-128\" src=\"https:\/\/site.venzatel.com\/sistema\/wp-content\/uploads\/2026\/05\/6dcbd130e68eca72f13df4d8d1c4678d63e779cb.jpg\" alt=\"\" style=\"aspect-ratio:4\/3;object-fit:cover\" srcset=\"https:\/\/site.venzatel.com\/sistema\/wp-content\/uploads\/2026\/05\/6dcbd130e68eca72f13df4d8d1c4678d63e779cb.jpg 1440w, https:\/\/site.venzatel.com\/sistema\/wp-content\/uploads\/2026\/05\/6dcbd130e68eca72f13df4d8d1c4678d63e779cb-300x200.jpg 300w, https:\/\/site.venzatel.com\/sistema\/wp-content\/uploads\/2026\/05\/6dcbd130e68eca72f13df4d8d1c4678d63e779cb-1024x683.jpg 1024w, https:\/\/site.venzatel.com\/sistema\/wp-content\/uploads\/2026\/05\/6dcbd130e68eca72f13df4d8d1c4678d63e779cb-768x512.jpg 768w\" sizes=\"auto, (max-width: 1440px) 100vw, 1440px\" \/><\/figure>\n\n\n\n<div class=\"wp-block-group is-style-default ext-animate--on has-global-padding is-layout-constrained wp-block-group-is-layout-constrained\">\n<h3 class=\"wp-block-heading has-text-align-center ext-animate--on\">Autogesti\u00f3n Eficiente y Personalizada<\/h3>\n\n\n\n<p class=\"has-text-align-center ext-animate--on\">Controla y administra tus recursos con herramientas intuitivas que te permiten tomar decisiones r\u00e1pidas y efectivas, mejorando tu productividad.<\/p>\n<\/div>\n<\/div>\n<\/div>\n\n\n\n<div class=\"wp-block-column is-vertically-aligned-stretch ext-animate--on is-layout-flow wp-container-core-column-is-layout-f5bb311e wp-block-column-is-layout-flow\">\n<div class=\"wp-block-group is-style-ext-preset--group--natural-1--item-card-1--align-center ext-animate--on has-global-padding is-layout-constrained wp-block-group-is-layout-constrained is-style-ext-preset--group--natural-1--item-card-1--align-center--3\">\n<figure class=\"wp-block-image aligncenter size-large ext-aspect-landscape ext-animate--on\"><img loading=\"lazy\" decoding=\"async\" width=\"1440\" height=\"960\" class=\"wp-image-129\" src=\"https:\/\/site.venzatel.com\/sistema\/wp-content\/uploads\/2026\/05\/f3169cfbb9bb109a35b6b859bbda2c66296fc9fc.jpg\" alt=\"\" style=\"aspect-ratio:4\/3;object-fit:cover\" srcset=\"https:\/\/site.venzatel.com\/sistema\/wp-content\/uploads\/2026\/05\/f3169cfbb9bb109a35b6b859bbda2c66296fc9fc.jpg 1440w, https:\/\/site.venzatel.com\/sistema\/wp-content\/uploads\/2026\/05\/f3169cfbb9bb109a35b6b859bbda2c66296fc9fc-300x200.jpg 300w, https:\/\/site.venzatel.com\/sistema\/wp-content\/uploads\/2026\/05\/f3169cfbb9bb109a35b6b859bbda2c66296fc9fc-1024x683.jpg 1024w, https:\/\/site.venzatel.com\/sistema\/wp-content\/uploads\/2026\/05\/f3169cfbb9bb109a35b6b859bbda2c66296fc9fc-768x512.jpg 768w\" sizes=\"auto, (max-width: 1440px) 100vw, 1440px\" \/><\/figure>\n\n\n\n<div class=\"wp-block-group is-style-default ext-animate--on has-global-padding is-layout-constrained wp-block-group-is-layout-constrained\">\n<h3 class=\"wp-block-heading has-text-align-center ext-animate--on\">Soporte T\u00e9cnico \u00c1gil y Confiable<\/h3>\n\n\n\n<p class=\"has-text-align-center ext-animate--on\">Nuestro equipo de expertos ofrece asistencia inmediata para resolver cualquier inconveniente, garantizando continuidad y tranquilidad en tus procesos.<\/p>\n<\/div>\n<\/div>\n<\/div>\n\n\n\n<div class=\"wp-block-column is-vertically-aligned-stretch ext-animate--on is-layout-flow wp-container-core-column-is-layout-f5bb311e wp-block-column-is-layout-flow\">\n<div class=\"wp-block-group is-style-ext-preset--group--natural-1--item-card-1--align-center ext-animate--on has-global-padding is-layout-constrained wp-block-group-is-layout-constrained is-style-ext-preset--group--natural-1--item-card-1--align-center--4\">\n<figure class=\"wp-block-image aligncenter size-large ext-aspect-landscape ext-animate--on\"><img loading=\"lazy\" decoding=\"async\" width=\"1440\" height=\"960\" class=\"wp-image-130\" src=\"https:\/\/site.venzatel.com\/sistema\/wp-content\/uploads\/2026\/05\/b6a6e87fd7128a3bb0f4c917a01d603e5fa5187e.jpg\" alt=\"\" style=\"aspect-ratio:4\/3;object-fit:cover\" srcset=\"https:\/\/site.venzatel.com\/sistema\/wp-content\/uploads\/2026\/05\/b6a6e87fd7128a3bb0f4c917a01d603e5fa5187e.jpg 1440w, https:\/\/site.venzatel.com\/sistema\/wp-content\/uploads\/2026\/05\/b6a6e87fd7128a3bb0f4c917a01d603e5fa5187e-300x200.jpg 300w, https:\/\/site.venzatel.com\/sistema\/wp-content\/uploads\/2026\/05\/b6a6e87fd7128a3bb0f4c917a01d603e5fa5187e-1024x683.jpg 1024w, https:\/\/site.venzatel.com\/sistema\/wp-content\/uploads\/2026\/05\/b6a6e87fd7128a3bb0f4c917a01d603e5fa5187e-768x512.jpg 768w\" sizes=\"auto, (max-width: 1440px) 100vw, 1440px\" \/><\/figure>\n\n\n\n<div class=\"wp-block-group is-style-default ext-animate--on has-global-padding is-layout-constrained wp-block-group-is-layout-constrained\">\n<h3 class=\"wp-block-heading ext-animate--on\">Instalaci\u00f3n R\u00e1pida y Sin Complicaciones<\/h3>\n\n\n\n<p class=\"has-text-align-center ext-animate--on\">Implementamos soluciones tecnol\u00f3gicas de manera expedita, asegurando una puesta en marcha sin demoras ni interrupciones.<\/p>\n<\/div>\n<\/div>\n<\/div>\n<\/div>\n\n\n\n<div class=\"wp-block-buttons ext-animate--on is-content-justification-center is-layout-flex wp-container-core-buttons-is-layout-a89b3969 wp-block-buttons-is-layout-flex\">\n<div class=\"wp-block-button is-style-ext-preset--button--natural-1--button-1 ext-animate--on is-style-ext-preset--button--natural-1--button-1--5\"><a class=\"wp-block-button__link wp-element-button\" href=\"#\">Conoce M\u00e1s<\/a><\/div>\n<\/div>\n<\/div>\n\n\n\n<div class=\"wp-block-group alignfull is-style-ext-preset--group--natural-1--section ext-animate--on has-tertiary-background-color has-background has-global-padding is-layout-constrained wp-container-core-group-is-layout-e955bbaf wp-block-group-is-layout-constrained is-style-ext-preset--group--natural-1--section--6\" style=\"margin-top:0;margin-bottom:0;padding-top:var(--wp--preset--spacing--70);padding-bottom:var(--wp--preset--spacing--70)\">\n<div class=\"wp-block-group alignwide ext-is-logical-start ext-animate--on has-global-padding is-content-justification-left is-layout-constrained wp-container-core-group-is-layout-6729bdbe wp-block-group-is-layout-constrained\">\n<h2 class=\"wp-block-heading ext-animate--on\">Gesti\u00f3n y Soporte Integral<\/h2>\n\n\n\n<p class=\"has-text-align-left ext-animate--on\">Explora c\u00f3mo nuestros servicios de autogesti\u00f3n, soporte e instalaci\u00f3n \u00e1gil pueden simplificar y mejorar tus procesos, con atenci\u00f3n personalizada y resultados confiables.<\/p>\n<\/div>\n\n\n\n<div class=\"wp-block-columns alignwide ext-animate--on is-layout-flex wp-container-core-columns-is-layout-08c01c1c wp-block-columns-is-layout-flex\">\n<div class=\"wp-block-column is-vertically-aligned-stretch ext-animate--on is-layout-flow wp-container-core-column-is-layout-119bc444 wp-block-column-is-layout-flow\">\n<div class=\"wp-block-media-text is-stacked-on-mobile is-image-fill-element is-style-ext-preset--media-text--natural-1--card-1 ext-animate--on has-background-background-color has-background is-style-ext-preset--media-text--natural-1--card-1--7\"><figure class=\"wp-block-media-text__media\"><img loading=\"lazy\" decoding=\"async\" width=\"1440\" height=\"960\" class=\"wp-image-130 size-full\" src=\"https:\/\/site.venzatel.com\/sistema\/wp-content\/uploads\/2026\/05\/b6a6e87fd7128a3bb0f4c917a01d603e5fa5187e.jpg\" alt=\"\" style=\"object-position:50% 50%\" srcset=\"https:\/\/site.venzatel.com\/sistema\/wp-content\/uploads\/2026\/05\/b6a6e87fd7128a3bb0f4c917a01d603e5fa5187e.jpg 1440w, https:\/\/site.venzatel.com\/sistema\/wp-content\/uploads\/2026\/05\/b6a6e87fd7128a3bb0f4c917a01d603e5fa5187e-300x200.jpg 300w, https:\/\/site.venzatel.com\/sistema\/wp-content\/uploads\/2026\/05\/b6a6e87fd7128a3bb0f4c917a01d603e5fa5187e-1024x683.jpg 1024w, https:\/\/site.venzatel.com\/sistema\/wp-content\/uploads\/2026\/05\/b6a6e87fd7128a3bb0f4c917a01d603e5fa5187e-768x512.jpg 768w\" sizes=\"auto, (max-width: 1440px) 100vw, 1440px\" \/><\/figure><div class=\"wp-block-media-text__content\">\n<div class=\"wp-block-group is-style-default ext-animate--on has-global-padding is-layout-constrained wp-container-core-group-is-layout-9a7b35d3 wp-block-group-is-layout-constrained\" style=\"padding-top:var(--wp--preset--spacing--40);padding-right:var(--wp--preset--spacing--30);padding-bottom:var(--wp--preset--spacing--40);padding-left:var(--wp--preset--spacing--30)\">\n<h3 class=\"wp-block-heading ext-animate--on\" style=\"font-size:clamp(15.747px, 0.984rem + ((1vw - 3.2px) * 0.86), 24px);\">Autogesti\u00f3n Eficiente<\/h3>\n\n\n\n<p class=\"ext-animate--on has-small-font-size\">Empod\u00e9rate para manejar tus recursos y procesos con herramientas intuitivas y soporte dedicado.<\/p>\n<\/div>\n<\/div><\/div>\n<\/div>\n\n\n\n<div class=\"wp-block-column is-vertically-aligned-stretch ext-animate--on is-layout-flow wp-container-core-column-is-layout-119bc444 wp-block-column-is-layout-flow\">\n<div class=\"wp-block-media-text is-stacked-on-mobile is-image-fill-element is-style-ext-preset--media-text--natural-1--card-1 ext-animate--on has-background-background-color has-background is-style-ext-preset--media-text--natural-1--card-1--8\"><figure class=\"wp-block-media-text__media\"><img loading=\"lazy\" decoding=\"async\" width=\"1440\" height=\"960\" class=\"wp-image-129 size-full\" src=\"https:\/\/site.venzatel.com\/sistema\/wp-content\/uploads\/2026\/05\/f3169cfbb9bb109a35b6b859bbda2c66296fc9fc.jpg\" alt=\"\" style=\"object-position:50% 50%\" srcset=\"https:\/\/site.venzatel.com\/sistema\/wp-content\/uploads\/2026\/05\/f3169cfbb9bb109a35b6b859bbda2c66296fc9fc.jpg 1440w, https:\/\/site.venzatel.com\/sistema\/wp-content\/uploads\/2026\/05\/f3169cfbb9bb109a35b6b859bbda2c66296fc9fc-300x200.jpg 300w, https:\/\/site.venzatel.com\/sistema\/wp-content\/uploads\/2026\/05\/f3169cfbb9bb109a35b6b859bbda2c66296fc9fc-1024x683.jpg 1024w, https:\/\/site.venzatel.com\/sistema\/wp-content\/uploads\/2026\/05\/f3169cfbb9bb109a35b6b859bbda2c66296fc9fc-768x512.jpg 768w\" sizes=\"auto, (max-width: 1440px) 100vw, 1440px\" \/><\/figure><div class=\"wp-block-media-text__content\">\n<div class=\"wp-block-group is-style-default ext-animate--on has-global-padding is-layout-constrained wp-container-core-group-is-layout-9a7b35d3 wp-block-group-is-layout-constrained\" style=\"padding-top:var(--wp--preset--spacing--40);padding-right:var(--wp--preset--spacing--30);padding-bottom:var(--wp--preset--spacing--40);padding-left:var(--wp--preset--spacing--30)\">\n<h3 class=\"wp-block-heading ext-animate--on\" style=\"font-size:clamp(15.747px, 0.984rem + ((1vw - 3.2px) * 0.86), 24px);\">Soporte T\u00e9cnico Especializado<\/h3>\n\n\n\n<p class=\"ext-animate--on has-small-font-size\">Recibe asistencia r\u00e1pida y soluciones a medida para resolver cualquier inconveniente t\u00e9cnico.<\/p>\n<\/div>\n<\/div><\/div>\n<\/div>\n<\/div>\n\n\n\n<div class=\"wp-block-columns alignwide ext-animate--on is-layout-flex wp-container-core-columns-is-layout-967d05ff wp-block-columns-is-layout-flex\" style=\"margin-top:var(--wp--preset--spacing--40)\">\n<div class=\"wp-block-column is-vertically-aligned-stretch ext-animate--on is-layout-flow wp-container-core-column-is-layout-119bc444 wp-block-column-is-layout-flow\">\n<div class=\"wp-block-media-text is-stacked-on-mobile is-image-fill-element is-style-ext-preset--media-text--natural-1--card-1 ext-animate--on has-background-background-color has-background is-style-ext-preset--media-text--natural-1--card-1--9\"><figure class=\"wp-block-media-text__media\"><img loading=\"lazy\" decoding=\"async\" width=\"1440\" height=\"960\" class=\"wp-image-131 size-full\" src=\"https:\/\/site.venzatel.com\/sistema\/wp-content\/uploads\/2026\/05\/538f4416d4909f404229e393ebd9358c6fa5df4d.jpg\" alt=\"\" style=\"object-position:50% 50%\" srcset=\"https:\/\/site.venzatel.com\/sistema\/wp-content\/uploads\/2026\/05\/538f4416d4909f404229e393ebd9358c6fa5df4d.jpg 1440w, https:\/\/site.venzatel.com\/sistema\/wp-content\/uploads\/2026\/05\/538f4416d4909f404229e393ebd9358c6fa5df4d-300x200.jpg 300w, https:\/\/site.venzatel.com\/sistema\/wp-content\/uploads\/2026\/05\/538f4416d4909f404229e393ebd9358c6fa5df4d-1024x683.jpg 1024w, https:\/\/site.venzatel.com\/sistema\/wp-content\/uploads\/2026\/05\/538f4416d4909f404229e393ebd9358c6fa5df4d-768x512.jpg 768w\" sizes=\"auto, (max-width: 1440px) 100vw, 1440px\" \/><\/figure><div class=\"wp-block-media-text__content\">\n<div class=\"wp-block-group is-style-default ext-animate--on has-global-padding is-layout-constrained wp-container-core-group-is-layout-9a7b35d3 wp-block-group-is-layout-constrained\" style=\"padding-top:var(--wp--preset--spacing--40);padding-right:var(--wp--preset--spacing--30);padding-bottom:var(--wp--preset--spacing--40);padding-left:var(--wp--preset--spacing--30)\">\n<h3 class=\"wp-block-heading ext-animate--on\" style=\"font-size:clamp(15.747px, 0.984rem + ((1vw - 3.2px) * 0.86), 24px);\">Instalaci\u00f3n \u00c1gil y Segura<\/h3>\n\n\n\n<p class=\"ext-animate--on has-small-font-size\">Implementamos sistemas con rapidez y precisi\u00f3n, asegurando funcionamiento \u00f3ptimo desde el inicio.<\/p>\n<\/div>\n<\/div><\/div>\n<\/div>\n\n\n\n<div class=\"wp-block-column is-vertically-aligned-stretch ext-animate--on is-layout-flow wp-container-core-column-is-layout-119bc444 wp-block-column-is-layout-flow\">\n<div class=\"wp-block-media-text is-stacked-on-mobile is-image-fill-element is-style-ext-preset--media-text--natural-1--card-1 ext-animate--on has-background-background-color has-background is-style-ext-preset--media-text--natural-1--card-1--10\"><figure class=\"wp-block-media-text__media\"><img loading=\"lazy\" decoding=\"async\" width=\"960\" height=\"1440\" class=\"wp-image-132 size-full\" src=\"https:\/\/site.venzatel.com\/sistema\/wp-content\/uploads\/2026\/05\/21ca4cc9aa0a41a1c39b1c8805b086ed3650e9cc.jpg\" alt=\"\" style=\"object-position:50% 50%\" srcset=\"https:\/\/site.venzatel.com\/sistema\/wp-content\/uploads\/2026\/05\/21ca4cc9aa0a41a1c39b1c8805b086ed3650e9cc.jpg 960w, https:\/\/site.venzatel.com\/sistema\/wp-content\/uploads\/2026\/05\/21ca4cc9aa0a41a1c39b1c8805b086ed3650e9cc-200x300.jpg 200w, https:\/\/site.venzatel.com\/sistema\/wp-content\/uploads\/2026\/05\/21ca4cc9aa0a41a1c39b1c8805b086ed3650e9cc-683x1024.jpg 683w, https:\/\/site.venzatel.com\/sistema\/wp-content\/uploads\/2026\/05\/21ca4cc9aa0a41a1c39b1c8805b086ed3650e9cc-768x1152.jpg 768w\" sizes=\"auto, (max-width: 960px) 100vw, 960px\" \/><\/figure><div class=\"wp-block-media-text__content\">\n<div class=\"wp-block-group is-style-default ext-animate--on has-global-padding is-layout-constrained wp-container-core-group-is-layout-9a7b35d3 wp-block-group-is-layout-constrained\" style=\"padding-top:var(--wp--preset--spacing--40);padding-right:var(--wp--preset--spacing--30);padding-bottom:var(--wp--preset--spacing--40);padding-left:var(--wp--preset--spacing--30)\">\n<h3 class=\"wp-block-heading ext-animate--on\" style=\"font-size:clamp(15.747px, 0.984rem + ((1vw - 3.2px) * 0.86), 24px);\">Contacto Directo y Flexible<\/h3>\n\n\n\n<p class=\"ext-animate--on has-small-font-size\">Facilitamos v\u00edas simples para que solicites servicios o asesor\u00eda con atenci\u00f3n personalizada.<\/p>\n<\/div>\n<\/div><\/div>\n<\/div>\n<\/div>\n<\/div>\n\n\n\n<div class=\"wp-block-group alignfull is-style-ext-preset--group--natural-1--section ext-animate--on has-background-background-color has-background has-global-padding is-layout-constrained wp-container-core-group-is-layout-e955bbaf wp-block-group-is-layout-constrained is-style-ext-preset--group--natural-1--section--11\" style=\"margin-top:0;margin-bottom:0;padding-top:var(--wp--preset--spacing--70);padding-bottom:var(--wp--preset--spacing--70)\">\n<h2 class=\"wp-block-heading has-text-align-center ext-animate--on\">Nuestro M\u00e9todo<\/h2>\n\n\n\n<p class=\"has-text-align-center ext-animate--on\" style=\"margin-top:1.5rem\">Descubre c\u00f3mo nuestro sistema de gesti\u00f3n y soporte simplifica cada etapa para que puedas optimizar tus tareas sin complicaciones.<\/p>\n\n\n\n<div class=\"wp-block-columns alignwide ext-animate--on is-layout-flex wp-container-core-columns-is-layout-08c01c1c wp-block-columns-is-layout-flex\">\n<div class=\"wp-block-column is-vertically-aligned-stretch ext-animate--on is-layout-flow wp-container-core-column-is-layout-f5bb311e wp-block-column-is-layout-flow\">\n<div class=\"wp-block-group is-style-ext-preset--group--natural-1--item-card-1--align-center ext-animate--on has-global-padding is-layout-constrained wp-block-group-is-layout-constrained is-style-ext-preset--group--natural-1--item-card-1--align-center--12\">\n<div class=\"wp-block-group is-style-default ext-animate--on has-global-padding is-layout-constrained wp-block-group-is-layout-constrained\">\n<figure class=\"wp-block-image aligncenter size-large ext-aspect-landscape ext-animate--on wp-duotone-primary-foreground\"><img decoding=\"async\" src=\"data:image\/svg+xml;base64,PHN2ZyB4bWxucz0iaHR0cDovL3d3dy53My5vcmcvMjAwMC9zdmciIHdpZHRoPSI0OCIgaGVpZ2h0PSI0OCIgZmlsbD0iIzAwMDAwMCIgdmlld0JveD0iMCAwIDI1NiAyNTYiPjxwYXRoIGQ9Ik0xMjgsMjRBMTA0LDEwNCwwLDEsMCwyMzIsMTI4LDEwNC4xMSwxMDQuMTEsMCwwLDAsMTI4LDI0Wm0wLDE5MmE4OCw4OCwwLDEsMSw4OC04OEE4OC4xLDg4LjEsMCwwLDEsMTI4LDIxNlpNMTQwLDgwdjk2YTgsOCwwLDAsMS0xNiwwVjk1bC0xMS41Niw3LjcxYTgsOCwwLDEsMS04Ljg4LTEzLjMybDI0LTE2QTgsOCwwLDAsMSwxNDAsODBaIj48L3BhdGg+PC9zdmc+\" alt=\"\" style=\"object-fit:cover\"\/><\/figure>\n\n\n\n<h3 class=\"wp-block-heading has-text-align-center ext-animate--on\">Inicio R\u00e1pido<\/h3>\n\n\n\n<p class=\"has-text-align-center ext-animate--on\">Comienza con una configuraci\u00f3n sencilla que garantiza una integraci\u00f3n fluida y prepara tu entorno para un funcionamiento \u00f3ptimo.<\/p>\n<\/div>\n<\/div>\n<\/div>\n\n\n\n<div class=\"wp-block-column is-vertically-aligned-stretch ext-animate--on is-layout-flow wp-container-core-column-is-layout-f5bb311e wp-block-column-is-layout-flow\">\n<div class=\"wp-block-group is-style-ext-preset--group--natural-1--item-card-1--align-center ext-animate--on has-global-padding is-layout-constrained wp-block-group-is-layout-constrained is-style-ext-preset--group--natural-1--item-card-1--align-center--13\">\n<div class=\"wp-block-group is-style-default ext-animate--on has-global-padding is-layout-constrained wp-block-group-is-layout-constrained\">\n<figure class=\"wp-block-image aligncenter size-large ext-aspect-landscape ext-animate--on wp-duotone-primary-foreground\"><img decoding=\"async\" src=\"data:image\/svg+xml;base64,PHN2ZyB4bWxucz0iaHR0cDovL3d3dy53My5vcmcvMjAwMC9zdmciIHdpZHRoPSI0OCIgaGVpZ2h0PSI0OCIgZmlsbD0iIzAwMDAwMCIgdmlld0JveD0iMCAwIDI1NiAyNTYiPjxwYXRoIGQ9Ik0xMjgsMjRBMTA0LDEwNCwwLDEsMCwyMzIsMTI4LDEwNC4xMSwxMDQuMTEsMCwwLDAsMTI4LDI0Wm0wLDE5MmE4OCw4OCwwLDEsMSw4OC04OEE4OC4xLDg4LjEsMCwwLDEsMTI4LDIxNlptMjUuNTYtOTIuNzRMMTIwLDE2OGgzMmE4LDgsMCwwLDEsMCwxNkgxMDRhOCw4LDAsMCwxLTYuNC0xMi44bDQzLjE3LTU3LjU2YTE2LDE2LDAsMSwwLTI3Ljg2LTE1LDgsOCwwLDAsMS0xNS4wOS01LjM0LDMyLDMyLDAsMSwxLDU1Ljc0LDI5LjkzWiI+PC9wYXRoPjwvc3ZnPg==\" alt=\"\" style=\"object-fit:cover\"\/><\/figure>\n\n\n\n<h3 class=\"wp-block-heading has-text-align-center ext-animate--on\">Implementaci\u00f3n \u00c1gil<\/h3>\n\n\n\n<p class=\"has-text-align-center ext-animate--on\">Avanza con rapidez gracias a nuestro soporte dedicado que asegura que cada acci\u00f3n se ejecute sin contratiempos.<\/p>\n<\/div>\n<\/div>\n<\/div>\n\n\n\n<div class=\"wp-block-column is-vertically-aligned-stretch ext-animate--on is-layout-flow wp-container-core-column-is-layout-f5bb311e wp-block-column-is-layout-flow\">\n<div class=\"wp-block-group is-style-ext-preset--group--natural-1--item-card-1--align-center ext-animate--on has-global-padding is-layout-constrained wp-block-group-is-layout-constrained is-style-ext-preset--group--natural-1--item-card-1--align-center--14\">\n<div class=\"wp-block-group is-style-default ext-animate--on has-global-padding is-layout-constrained wp-block-group-is-layout-constrained\">\n<figure class=\"wp-block-image aligncenter size-large ext-aspect-landscape ext-animate--on wp-duotone-primary-foreground\"><img decoding=\"async\" src=\"data:image\/svg+xml;base64,PHN2ZyB4bWxucz0iaHR0cDovL3d3dy53My5vcmcvMjAwMC9zdmciIHdpZHRoPSI0OCIgaGVpZ2h0PSI0OCIgZmlsbD0iIzAwMDAwMCIgdmlld0JveD0iMCAwIDI1NiAyNTYiPjxwYXRoIGQ9Ik0xMjgsMjRBMTA0LDEwNCwwLDEsMCwyMzIsMTI4LDEwNC4xMSwxMDQuMTEsMCwwLDAsMTI4LDI0Wm0wLDE5MmE4OCw4OCwwLDEsMSw4OC04OEE4OC4xLDg4LjEsMCwwLDEsMTI4LDIxNlptMzItNjRhMzYsMzYsMCwwLDEtNjEuNzEsMjUuMTlBOCw4LDAsMSwxLDEwOS43MSwxNjYsMjAsMjAsMCwxLDAsMTI0LDEzMmE4LDgsMCwwLDEtNi41NS0xMi41OUwxMzYuNjMsOTJIMTA0YTgsOCwwLDAsMSwwLTE2aDQ4YTgsOCwwLDAsMSw2LjU1LDEyLjU5bC0yMSwzMEEzNi4wNywzNi4wNywwLDAsMSwxNjAsMTUyWiI+PC9wYXRoPjwvc3ZnPg==\" alt=\"\" style=\"object-fit:cover\"\/><\/figure>\n\n\n\n<h3 class=\"wp-block-heading has-text-align-center ext-animate--on\">Soporte Continuo<\/h3>\n\n\n\n<p class=\"has-text-align-center ext-animate--on\">Nuestro soporte constante transforma cualquier dificultad en una oportunidad para mejorar y mantener la eficiencia.<\/p>\n<\/div>\n<\/div>\n<\/div>\n<\/div>\n<\/div>\n\n\n\n<div class=\"wp-block-group alignfull is-style-ext-preset--group--natural-1--section ext-animate--on has-tertiary-background-color has-background has-global-padding is-layout-constrained wp-container-core-group-is-layout-e955bbaf wp-block-group-is-layout-constrained is-style-ext-preset--group--natural-1--section--15\" style=\"margin-top:0;margin-bottom:0;padding-top:var(--wp--preset--spacing--70);padding-bottom:var(--wp--preset--spacing--70)\">\n<div class=\"wp-block-media-text alignwide has-media-on-the-right is-stacked-on-mobile is-image-fill-element is-style-ext-preset--media-text--natural-1--card-1 ext-animate--on has-background-background-color has-background is-style-ext-preset--media-text--natural-1--card-1--16\"><div class=\"wp-block-media-text__content\">\n<div class=\"wp-block-group alignwide ext-animate--on is-vertical is-layout-flex wp-container-core-group-is-layout-53474e87 wp-block-group-is-layout-flex\" style=\"padding-top:var(--wp--preset--spacing--60);padding-bottom:var(--wp--preset--spacing--60)\">\n<div class=\"wp-block-group ext-animate--on has-global-padding is-layout-constrained wp-container-core-group-is-layout-812d5580 wp-block-group-is-layout-constrained\" style=\"padding-top:0;padding-right:0;padding-bottom:0;padding-left:0\">\n<h2 class=\"wp-block-heading ext-animate--on\">Impulsa tu productividad con nuestros servicios de gesti\u00f3n.<\/h2>\n\n\n\n<p class=\"ext-animate--on\">Conoce c\u00f3mo nuestros servicios de autogesti\u00f3n, soporte e instalaci\u00f3n r\u00e1pida pueden simplificar tus procesos y mejorar tu experiencia. Cont\u00e1ctanos para solicitar asistencia o contratar servicios de forma sencilla.<\/p>\n<\/div>\n\n\n\n<div class=\"wp-block-buttons ext-animate--on is-layout-flex wp-block-buttons-is-layout-flex\">\n<div class=\"wp-block-button is-style-ext-preset--button--natural-1--button-1 ext-animate--on is-style-ext-preset--button--natural-1--button-1--17\"><a class=\"wp-block-button__link wp-element-button\" href=\"#\">Descubre c\u00f3mo<\/a><\/div>\n<\/div>\n<\/div>\n<\/div><figure class=\"wp-block-media-text__media\"><img loading=\"lazy\" decoding=\"async\" width=\"1440\" height=\"960\" class=\"wp-image-128 size-full\" src=\"https:\/\/site.venzatel.com\/sistema\/wp-content\/uploads\/2026\/05\/6dcbd130e68eca72f13df4d8d1c4678d63e779cb.jpg\" alt=\"\" style=\"object-position:50% 50%\" srcset=\"https:\/\/site.venzatel.com\/sistema\/wp-content\/uploads\/2026\/05\/6dcbd130e68eca72f13df4d8d1c4678d63e779cb.jpg 1440w, https:\/\/site.venzatel.com\/sistema\/wp-content\/uploads\/2026\/05\/6dcbd130e68eca72f13df4d8d1c4678d63e779cb-300x200.jpg 300w, https:\/\/site.venzatel.com\/sistema\/wp-content\/uploads\/2026\/05\/6dcbd130e68eca72f13df4d8d1c4678d63e779cb-1024x683.jpg 1024w, https:\/\/site.venzatel.com\/sistema\/wp-content\/uploads\/2026\/05\/6dcbd130e68eca72f13df4d8d1c4678d63e779cb-768x512.jpg 768w\" sizes=\"auto, (max-width: 1440px) 100vw, 1440px\" \/><\/figure><\/div>\n<\/div>\n","protected":false},"excerpt":{"rendered":"<p>Optimiza tus Procesos con Gesti\u00f3n y Soporte Especializados Descubre c\u00f3mo nuestros servicios de autogesti\u00f3n, soporte e instalaci\u00f3n r\u00e1pida transforman y simplifican tus operaciones diarias. Autogesti\u00f3n Eficiente y Personalizada Controla y administra tus recursos con herramientas intuitivas que te permiten tomar decisiones r\u00e1pidas y efectivas, mejorando tu productividad. Soporte T\u00e9cnico \u00c1gil y Confiable Nuestro equipo de [&hellip;]<\/p>\n","protected":false},"author":1,"featured_media":0,"parent":0,"menu_order":0,"comment_status":"closed","ping_status":"closed","template":"page-with-title","meta":{"footnotes":""},"class_list":["post-92","page","type-page","status-publish","hentry"],"_links":{"self":[{"href":"https:\/\/site.venzatel.com\/sistema\/wp-json\/wp\/v2\/pages\/92","targetHints":{"allow":["GET"]}}],"collection":[{"href":"https:\/\/site.venzatel.com\/sistema\/wp-json\/wp\/v2\/pages"}],"about":[{"href":"https:\/\/site.venzatel.com\/sistema\/wp-json\/wp\/v2\/types\/page"}],"author":[{"embeddable":true,"href":"https:\/\/site.venzatel.com\/sistema\/wp-json\/wp\/v2\/users\/1"}],"replies":[{"embeddable":true,"href":"https:\/\/site.venzatel.com\/sistema\/wp-json\/wp\/v2\/comments?post=92"}],"version-history":[{"count":2,"href":"https:\/\/site.venzatel.com\/sistema\/wp-json\/wp\/v2\/pages\/92\/revisions"}],"predecessor-version":[{"id":133,"href":"https:\/\/site.venzatel.com\/sistema\/wp-json\/wp\/v2\/pages\/92\/revisions\/133"}],"wp:attachment":[{"href":"https:\/\/site.venzatel.com\/sistema\/wp-json\/wp\/v2\/media?parent=92"}],"curies":[{"name":"wp","href":"https:\/\/api.w.org\/{rel}","templated":true}]}}