{"id":95,"date":"2026-05-07T21:18:48","date_gmt":"2026-05-07T21:18:48","guid":{"rendered":"https:\/\/site.venzatel.com\/sistema\/?page_id=95"},"modified":"2026-05-07T21:53:27","modified_gmt":"2026-05-07T21:53:27","slug":"internet-para-oficinas","status":"publish","type":"page","link":"https:\/\/site.venzatel.com\/sistema\/internet-para-oficinas\/","title":{"rendered":"Internet para Oficinas"},"content":{"rendered":"\n<div class=\"wp-block-group alignfull is-style-ext-preset--group--natural-1--section ext-animate--on has-background-background-color has-background has-global-padding is-layout-constrained wp-container-core-group-is-layout-e955bbaf wp-block-group-is-layout-constrained is-style-ext-preset--group--natural-1--section--1\" style=\"margin-top:0;margin-bottom:0;padding-top:var(--wp--preset--spacing--70);padding-bottom:var(--wp--preset--spacing--70)\">\n<div class=\"wp-block-group alignwide ext-is-logical-start ext-animate--on has-global-padding is-content-justification-left is-layout-constrained wp-container-core-group-is-layout-6729bdbe wp-block-group-is-layout-constrained\">\n<h2 class=\"wp-block-heading ext-animate--on\">Descubre nuestra soluci\u00f3n de Internet para oficinas.<\/h2>\n\n\n\n<p class=\"has-text-align-left ext-animate--on\">Conoce c\u00f3mo nuestra conexi\u00f3n estable y r\u00e1pida potencia la productividad y eficiencia en tu espacio laboral, adapt\u00e1ndose a las necesidades espec\u00edficas de tu oficina.<\/p>\n<\/div>\n\n\n\n<div class=\"wp-block-columns alignwide ext-animate--on is-layout-flex wp-container-core-columns-is-layout-174606dc wp-block-columns-is-layout-flex\">\n<div class=\"wp-block-column is-vertically-aligned-stretch ext-animate--on is-layout-flow wp-container-core-column-is-layout-119bc444 wp-block-column-is-layout-flow\">\n<div class=\"wp-block-cover is-style-ext-preset--image--natural-1--image-1--content-right ext-animate--on is-style-ext-preset--image--natural-1--image-1--content-right--2\" style=\"padding-top:0;padding-bottom:0;min-height:100%;aspect-ratio:unset;\"><img loading=\"lazy\" decoding=\"async\" width=\"1440\" height=\"960\" class=\"wp-block-cover__image-background wp-image-134\" alt=\"\" src=\"https:\/\/site.venzatel.com\/sistema\/wp-content\/uploads\/2026\/05\/85fbc55393d1ad5acd4f43160d08c2864189ccba.jpg\" data-object-fit=\"cover\" srcset=\"https:\/\/site.venzatel.com\/sistema\/wp-content\/uploads\/2026\/05\/85fbc55393d1ad5acd4f43160d08c2864189ccba.jpg 1440w, https:\/\/site.venzatel.com\/sistema\/wp-content\/uploads\/2026\/05\/85fbc55393d1ad5acd4f43160d08c2864189ccba-300x200.jpg 300w, https:\/\/site.venzatel.com\/sistema\/wp-content\/uploads\/2026\/05\/85fbc55393d1ad5acd4f43160d08c2864189ccba-1024x683.jpg 1024w, https:\/\/site.venzatel.com\/sistema\/wp-content\/uploads\/2026\/05\/85fbc55393d1ad5acd4f43160d08c2864189ccba-768x512.jpg 768w\" sizes=\"auto, (max-width: 1440px) 100vw, 1440px\" \/><span aria-hidden=\"true\" class=\"wp-block-cover__background has-background-dim-0 has-background-dim\"><\/span><div class=\"wp-block-cover__inner-container is-layout-flow wp-block-cover-is-layout-flow\">\n<div style=\"height:240px\" aria-hidden=\"true\" class=\"wp-block-spacer ext-animate--on\"><\/div>\n<\/div><\/div>\n<\/div>\n\n\n\n<div class=\"wp-block-column is-vertically-aligned-center ext-animate--on is-layout-flow wp-block-column-is-layout-flow\">\n<div class=\"wp-block-group is-style-ext-preset--group--natural-1--item-card-1--align-start ext-animate--on has-global-padding is-layout-constrained wp-block-group-is-layout-constrained is-style-ext-preset--group--natural-1--item-card-1--align-start--3\">\n<div class=\"wp-block-group is-style-default ext-animate--on has-global-padding is-layout-constrained wp-block-group-is-layout-constrained\">\n<div class=\"wp-block-group ext-animate--on is-nowrap is-layout-flex wp-container-core-group-is-layout-64fa2afa wp-block-group-is-layout-flex\" style=\"padding-top:0;padding-right:0;padding-bottom:0;padding-left:0\">\n<figure class=\"wp-block-image size-large ext-aspect-landscape ext-animate--on wp-duotone-primary-foreground\"><img decoding=\"async\" src=\"data:image\/svg+xml;base64,PHN2ZyB4bWxucz0iaHR0cDovL3d3dy53My5vcmcvMjAwMC9zdmciIHdpZHRoPSI0OCIgaGVpZ2h0PSI0OCIgZmlsbD0iIzAwMDAwMCIgdmlld0JveD0iMCAwIDI1NiAyNTYiPjxwYXRoIGQ9Ik0xNzIsNzZhNDQsNDQsMCwxLDAtNDQsNDRBNDQuMDUsNDQuMDUsMCwwLDAsMTcyLDc2Wm0tNDQsMjhhMjgsMjgsMCwxLDEsMjgtMjhBMjgsMjgsMCwwLDEsMTI4LDEwNFptNjAsMjRhNDQsNDQsMCwxLDAsNDQsNDRBNDQuMDUsNDQuMDUsMCwwLDAsMTg4LDEyOFptMCw3MmEyOCwyOCwwLDEsMSwyOC0yOEEyOCwyOCwwLDAsMSwxODgsMjAwWk02OCwxMjhhNDQsNDQsMCwxLDAsNDQsNDRBNDQuMDUsNDQuMDUsMCwwLDAsNjgsMTI4Wm0wLDcyYTI4LDI4LDAsMSwxLDI4LTI4QTI4LDI4LDAsMCwxLDY4LDIwMFoiPjwvcGF0aD48L3N2Zz4=\" alt=\"\" style=\"object-fit:cover\"\/><\/figure>\n\n\n\n<div class=\"wp-block-group ext-animate--on wp-container-content-958eb9dc has-global-padding is-layout-constrained wp-container-core-group-is-layout-c06d165c wp-block-group-is-layout-constrained\" style=\"padding-top:0;padding-right:0;padding-bottom:0;padding-left:0\">\n<h3 class=\"wp-block-heading ext-animate--on\">Conexi\u00f3n fiable y estable<\/h3>\n\n\n\n<p class=\"ext-animate--on\">Garantizamos una conexi\u00f3n sin interrupciones para que tu equipo siempre est\u00e9 operativo.<\/p>\n<\/div>\n<\/div>\n<\/div>\n<\/div>\n\n\n\n<div class=\"wp-block-group is-style-ext-preset--group--natural-1--item-card-1--align-start ext-animate--on has-global-padding is-layout-constrained wp-block-group-is-layout-constrained is-style-ext-preset--group--natural-1--item-card-1--align-start--4\">\n<div class=\"wp-block-group is-style-default ext-animate--on has-global-padding is-layout-constrained wp-block-group-is-layout-constrained\">\n<div class=\"wp-block-group ext-animate--on is-nowrap is-layout-flex wp-container-core-group-is-layout-64fa2afa wp-block-group-is-layout-flex\" style=\"padding-top:0;padding-right:0;padding-bottom:0;padding-left:0\">\n<figure class=\"wp-block-image size-large ext-aspect-landscape ext-animate--on wp-duotone-primary-foreground\"><img decoding=\"async\" src=\"data:image\/svg+xml;base64,PHN2ZyB4bWxucz0iaHR0cDovL3d3dy53My5vcmcvMjAwMC9zdmciIHdpZHRoPSI0OCIgaGVpZ2h0PSI0OCIgZmlsbD0iIzAwMDAwMCIgdmlld0JveD0iMCAwIDI1NiAyNTYiPjxwYXRoIGQ9Ik04MCw0MGE0MCw0MCwwLDEsMCw0MCw0MEE0MCw0MCwwLDAsMCw4MCw0MFptMCw2NGEyNCwyNCwwLDEsMSwyNC0yNEEyNCwyNCwwLDAsMSw4MCwxMDRabTk2LDE2YTQwLDQwLDAsMSwwLTQwLTQwQTQwLDQwLDAsMCwwLDE3NiwxMjBabTAtNjRhMjQsMjQsMCwxLDEtMjQsMjRBMjQsMjQsMCwwLDEsMTc2LDU2Wk04MCwxMzZhNDAsNDAsMCwxLDAsNDAsNDBBNDAsNDAsMCwwLDAsODAsMTM2Wm0wLDY0YTI0LDI0LDAsMSwxLDI0LTI0QTI0LDI0LDAsMCwxLDgwLDIwMFptOTYtNjRhNDAsNDAsMCwxLDAsNDAsNDBBNDAsNDAsMCwwLDAsMTc2LDEzNlptMCw2NGEyNCwyNCwwLDEsMSwyNC0yNEEyNCwyNCwwLDAsMSwxNzYsMjAwWiI+PC9wYXRoPjwvc3ZnPg==\" alt=\"\" style=\"object-fit:cover\"\/><\/figure>\n\n\n\n<div class=\"wp-block-group ext-animate--on wp-container-content-958eb9dc has-global-padding is-layout-constrained wp-container-core-group-is-layout-c06d165c wp-block-group-is-layout-constrained\" style=\"padding-top:0;padding-right:0;padding-bottom:0;padding-left:0\">\n<h3 class=\"wp-block-heading ext-animate--on\">Soporte t\u00e9cnico dedicado<\/h3>\n\n\n\n<p class=\"ext-animate--on\">Nuestro equipo especializado est\u00e1 disponible para resolver cualquier inconveniente r\u00e1pidamente.<\/p>\n<\/div>\n<\/div>\n<\/div>\n<\/div>\n\n\n\n<div class=\"wp-block-group is-style-ext-preset--group--natural-1--item-card-1--align-start ext-animate--on has-global-padding is-layout-constrained wp-block-group-is-layout-constrained is-style-ext-preset--group--natural-1--item-card-1--align-start--5\">\n<div class=\"wp-block-group is-style-default ext-animate--on has-global-padding is-layout-constrained wp-block-group-is-layout-constrained\">\n<div class=\"wp-block-group ext-animate--on is-nowrap is-layout-flex wp-container-core-group-is-layout-64fa2afa wp-block-group-is-layout-flex\" style=\"padding-top:0;padding-right:0;padding-bottom:0;padding-left:0\">\n<figure class=\"wp-block-image size-large ext-aspect-landscape ext-animate--on wp-duotone-primary-foreground\"><img decoding=\"async\" src=\"data:image\/svg+xml;base64,PHN2ZyB4bWxucz0iaHR0cDovL3d3dy53My5vcmcvMjAwMC9zdmciIHdpZHRoPSI0OCIgaGVpZ2h0PSI0OCIgZmlsbD0iIzAwMDAwMCIgdmlld0JveD0iMCAwIDI1NiAyNTYiPjxwYXRoIGQ9Ik04MCw0MGE0MCw0MCwwLDEsMCw0MCw0MEE0MCw0MCwwLDAsMCw4MCw0MFptMCw2NGEyNCwyNCwwLDEsMSwyNC0yNEEyNCwyNCwwLDAsMSw4MCwxMDRabTk2LDE2YTQwLDQwLDAsMSwwLTQwLTQwQTQwLDQwLDAsMCwwLDE3NiwxMjBabTAtNjRhMjQsMjQsMCwxLDEtMjQsMjRBMjQsMjQsMCwwLDEsMTc2LDU2Wk04MCwxMzZhNDAsNDAsMCwxLDAsNDAsNDBBNDAsNDAsMCwwLDAsODAsMTM2Wm0wLDY0YTI0LDI0LDAsMSwxLDI0LTI0QTI0LDI0LDAsMCwxLDgwLDIwMFptMTM2LTI0YTgsOCwwLDAsMS04LDhIMTg0djI0YTgsOCwwLDAsMS0xNiwwVjE4NEgxNDRhOCw4LDAsMCwxLDAtMTZoMjRWMTQ0YTgsOCwwLDAsMSwxNiwwdjI0aDI0QTgsOCwwLDAsMSwyMTYsMTc2WiI+PC9wYXRoPjwvc3ZnPg==\" alt=\"\" style=\"object-fit:cover\"\/><\/figure>\n\n\n\n<div class=\"wp-block-group ext-animate--on wp-container-content-958eb9dc has-global-padding is-layout-constrained wp-container-core-group-is-layout-c06d165c wp-block-group-is-layout-constrained\" style=\"padding-top:0;padding-right:0;padding-bottom:0;padding-left:0\">\n<h3 class=\"wp-block-heading ext-animate--on\">F\u00e1cil contrataci\u00f3n online<\/h3>\n\n\n\n<p class=\"ext-animate--on\">Solicita o contrata el servicio directamente desde nuestra web de forma r\u00e1pida y c\u00f3moda.<\/p>\n<\/div>\n<\/div>\n<\/div>\n<\/div>\n<\/div>\n<\/div>\n<\/div>\n\n\n\n<div class=\"wp-block-group alignfull is-style-ext-preset--group--natural-1--section ext-animate--on has-tertiary-background-color has-background has-global-padding is-layout-constrained wp-container-core-group-is-layout-f72f1611 wp-block-group-is-layout-constrained is-style-ext-preset--group--natural-1--section--6\" style=\"margin-top:0;margin-bottom:0;padding-top:var(--wp--preset--spacing--70);padding-bottom:var(--wp--preset--spacing--70)\">\n<div class=\"wp-block-group alignwide ext-is-logical-start ext-animate--on has-global-padding is-content-justification-left is-layout-constrained wp-container-core-group-is-layout-6729bdbe wp-block-group-is-layout-constrained\">\n<h2 class=\"wp-block-heading ext-animate--on\">Descubre las soluciones de Internet para oficinas que ofrecemos.<\/h2>\n\n\n\n<p class=\"has-text-align-left ext-animate--on\">Aqu\u00ed encontrar\u00e1s una descripci\u00f3n detallada sobre c\u00f3mo nuestra conexi\u00f3n estable potencia la productividad en tu espacio laboral.<\/p>\n<\/div>\n\n\n\n<div class=\"wp-block-columns alignwide are-vertically-aligned-top ext-animate--on is-layout-flex wp-container-core-columns-is-layout-87beb0d0 wp-block-columns-is-layout-flex\">\n<div class=\"wp-block-column is-vertically-aligned-top ext-animate--on is-layout-flow wp-container-core-column-is-layout-f5bb311e wp-block-column-is-layout-flow\">\n<figure class=\"wp-block-image is-style-ext-preset--image--natural-1--image-1--content-bottom ext-animate--on is-style-ext-preset--image--natural-1--image-1--content-bottom--7\"><img loading=\"lazy\" decoding=\"async\" width=\"1440\" height=\"957\" class=\"wp-image-135\" src=\"https:\/\/site.venzatel.com\/sistema\/wp-content\/uploads\/2026\/05\/9c653078b825ae76407627b4c84a06289cae940e.jpg\" alt=\"\" style=\"aspect-ratio:1;object-fit:cover\" srcset=\"https:\/\/site.venzatel.com\/sistema\/wp-content\/uploads\/2026\/05\/9c653078b825ae76407627b4c84a06289cae940e.jpg 1440w, https:\/\/site.venzatel.com\/sistema\/wp-content\/uploads\/2026\/05\/9c653078b825ae76407627b4c84a06289cae940e-300x199.jpg 300w, https:\/\/site.venzatel.com\/sistema\/wp-content\/uploads\/2026\/05\/9c653078b825ae76407627b4c84a06289cae940e-1024x681.jpg 1024w, https:\/\/site.venzatel.com\/sistema\/wp-content\/uploads\/2026\/05\/9c653078b825ae76407627b4c84a06289cae940e-768x510.jpg 768w\" sizes=\"auto, (max-width: 1440px) 100vw, 1440px\" \/><\/figure>\n\n\n\n<figure class=\"wp-block-image is-style-ext-preset--image--natural-1--image-1--content-bottom ext-animate--on is-style-ext-preset--image--natural-1--image-1--content-bottom--8\"><img loading=\"lazy\" decoding=\"async\" width=\"1440\" height=\"960\" class=\"wp-image-136\" src=\"https:\/\/site.venzatel.com\/sistema\/wp-content\/uploads\/2026\/05\/c516c280ef0aa820550a90d0d40fea12dd477621.jpg\" alt=\"\" style=\"aspect-ratio:1;object-fit:cover\" srcset=\"https:\/\/site.venzatel.com\/sistema\/wp-content\/uploads\/2026\/05\/c516c280ef0aa820550a90d0d40fea12dd477621.jpg 1440w, https:\/\/site.venzatel.com\/sistema\/wp-content\/uploads\/2026\/05\/c516c280ef0aa820550a90d0d40fea12dd477621-300x200.jpg 300w, https:\/\/site.venzatel.com\/sistema\/wp-content\/uploads\/2026\/05\/c516c280ef0aa820550a90d0d40fea12dd477621-1024x683.jpg 1024w, https:\/\/site.venzatel.com\/sistema\/wp-content\/uploads\/2026\/05\/c516c280ef0aa820550a90d0d40fea12dd477621-768x512.jpg 768w\" sizes=\"auto, (max-width: 1440px) 100vw, 1440px\" \/><\/figure>\n<\/div>\n\n\n\n<div class=\"wp-block-column is-vertically-aligned-top ext-animate--on is-layout-flow wp-container-core-column-is-layout-f5bb311e wp-block-column-is-layout-flow\">\n<figure class=\"wp-block-image is-style-ext-preset--image--natural-1--image-1--content-bottom ext-animate--on is-style-ext-preset--image--natural-1--image-1--content-bottom--9\"><img loading=\"lazy\" decoding=\"async\" width=\"1440\" height=\"810\" class=\"wp-image-137\" src=\"https:\/\/site.venzatel.com\/sistema\/wp-content\/uploads\/2026\/05\/9217c95fab80835c489877b5f09d96d429f842ee.jpg\" alt=\"\" style=\"aspect-ratio:1;object-fit:cover\" srcset=\"https:\/\/site.venzatel.com\/sistema\/wp-content\/uploads\/2026\/05\/9217c95fab80835c489877b5f09d96d429f842ee.jpg 1440w, https:\/\/site.venzatel.com\/sistema\/wp-content\/uploads\/2026\/05\/9217c95fab80835c489877b5f09d96d429f842ee-300x169.jpg 300w, https:\/\/site.venzatel.com\/sistema\/wp-content\/uploads\/2026\/05\/9217c95fab80835c489877b5f09d96d429f842ee-1024x576.jpg 1024w, https:\/\/site.venzatel.com\/sistema\/wp-content\/uploads\/2026\/05\/9217c95fab80835c489877b5f09d96d429f842ee-768x432.jpg 768w\" sizes=\"auto, (max-width: 1440px) 100vw, 1440px\" \/><\/figure>\n\n\n\n<figure class=\"wp-block-image is-style-ext-preset--image--natural-1--image-1--content-bottom ext-animate--on is-style-ext-preset--image--natural-1--image-1--content-bottom--10\"><img loading=\"lazy\" decoding=\"async\" width=\"1440\" height=\"907\" class=\"wp-image-138\" src=\"https:\/\/site.venzatel.com\/sistema\/wp-content\/uploads\/2026\/05\/06082cab516f6d42fdaef85bbe985d44ed828d4a.jpg\" alt=\"\" style=\"aspect-ratio:1;object-fit:cover\" srcset=\"https:\/\/site.venzatel.com\/sistema\/wp-content\/uploads\/2026\/05\/06082cab516f6d42fdaef85bbe985d44ed828d4a.jpg 1440w, https:\/\/site.venzatel.com\/sistema\/wp-content\/uploads\/2026\/05\/06082cab516f6d42fdaef85bbe985d44ed828d4a-300x189.jpg 300w, https:\/\/site.venzatel.com\/sistema\/wp-content\/uploads\/2026\/05\/06082cab516f6d42fdaef85bbe985d44ed828d4a-1024x645.jpg 1024w, https:\/\/site.venzatel.com\/sistema\/wp-content\/uploads\/2026\/05\/06082cab516f6d42fdaef85bbe985d44ed828d4a-768x484.jpg 768w\" sizes=\"auto, (max-width: 1440px) 100vw, 1440px\" \/><\/figure>\n<\/div>\n\n\n\n<div class=\"wp-block-column is-vertically-aligned-top ext-animate--on is-layout-flow wp-container-core-column-is-layout-f5bb311e wp-block-column-is-layout-flow\">\n<figure class=\"wp-block-image is-style-ext-preset--image--natural-1--image-1--content-bottom ext-animate--on is-style-ext-preset--image--natural-1--image-1--content-bottom--11\"><img loading=\"lazy\" decoding=\"async\" width=\"1440\" height=\"962\" class=\"wp-image-140\" src=\"https:\/\/site.venzatel.com\/sistema\/wp-content\/uploads\/2026\/05\/03d4d720484c2d7793edeff1d51281e2a1932c79.jpg\" alt=\"\" style=\"aspect-ratio:1;object-fit:cover\" srcset=\"https:\/\/site.venzatel.com\/sistema\/wp-content\/uploads\/2026\/05\/03d4d720484c2d7793edeff1d51281e2a1932c79.jpg 1440w, https:\/\/site.venzatel.com\/sistema\/wp-content\/uploads\/2026\/05\/03d4d720484c2d7793edeff1d51281e2a1932c79-300x200.jpg 300w, https:\/\/site.venzatel.com\/sistema\/wp-content\/uploads\/2026\/05\/03d4d720484c2d7793edeff1d51281e2a1932c79-1024x684.jpg 1024w, https:\/\/site.venzatel.com\/sistema\/wp-content\/uploads\/2026\/05\/03d4d720484c2d7793edeff1d51281e2a1932c79-768x513.jpg 768w\" sizes=\"auto, (max-width: 1440px) 100vw, 1440px\" \/><\/figure>\n\n\n\n<figure class=\"wp-block-image is-style-ext-preset--image--natural-1--image-1--content-bottom ext-animate--on is-style-ext-preset--image--natural-1--image-1--content-bottom--12\"><img loading=\"lazy\" decoding=\"async\" width=\"1440\" height=\"960\" class=\"wp-image-141\" src=\"https:\/\/site.venzatel.com\/sistema\/wp-content\/uploads\/2026\/05\/21314bb35f2fb16f78e8f6a95f48ca56c9b4452d.jpg\" alt=\"\" style=\"aspect-ratio:1;object-fit:cover\" srcset=\"https:\/\/site.venzatel.com\/sistema\/wp-content\/uploads\/2026\/05\/21314bb35f2fb16f78e8f6a95f48ca56c9b4452d.jpg 1440w, https:\/\/site.venzatel.com\/sistema\/wp-content\/uploads\/2026\/05\/21314bb35f2fb16f78e8f6a95f48ca56c9b4452d-300x200.jpg 300w, https:\/\/site.venzatel.com\/sistema\/wp-content\/uploads\/2026\/05\/21314bb35f2fb16f78e8f6a95f48ca56c9b4452d-1024x683.jpg 1024w, https:\/\/site.venzatel.com\/sistema\/wp-content\/uploads\/2026\/05\/21314bb35f2fb16f78e8f6a95f48ca56c9b4452d-768x512.jpg 768w\" sizes=\"auto, (max-width: 1440px) 100vw, 1440px\" \/><\/figure>\n<\/div>\n<\/div>\n<\/div>\n\n\n\n<div class=\"wp-block-group alignfull is-style-ext-preset--group--natural-1--section ext-animate--on has-background-background-color has-background has-global-padding is-layout-constrained wp-container-core-group-is-layout-e955bbaf wp-block-group-is-layout-constrained is-style-ext-preset--group--natural-1--section--13\" style=\"margin-top:0;margin-bottom:0;padding-top:var(--wp--preset--spacing--70);padding-bottom:var(--wp--preset--spacing--70)\">\n<div class=\"wp-block-group alignwide ext-is-logical-start ext-animate--on has-global-padding is-content-justification-left is-layout-constrained wp-container-core-group-is-layout-6729bdbe wp-block-group-is-layout-constrained\">\n<h2 class=\"wp-block-heading ext-animate--on\">Por qu\u00e9 elegirnos<\/h2>\n\n\n\n<p class=\"ext-animate--on\">Descubre c\u00f3mo nuestra conexi\u00f3n estable y r\u00e1pida transforma tu oficina, facilitando un entorno laboral eficiente y sin interrupciones.<\/p>\n<\/div>\n\n\n\n<div class=\"wp-block-columns alignwide ext-animate--on is-layout-flex wp-container-core-columns-is-layout-08c01c1c wp-block-columns-is-layout-flex\">\n<div class=\"wp-block-column is-vertically-aligned-stretch ext-animate--on is-layout-flow wp-container-core-column-is-layout-f5bb311e wp-block-column-is-layout-flow\">\n<div class=\"wp-block-group is-style-ext-preset--group--natural-1--item-card-1--align-start ext-animate--on has-global-padding is-layout-constrained wp-block-group-is-layout-constrained is-style-ext-preset--group--natural-1--item-card-1--align-start--14\">\n<div class=\"wp-block-group is-style-default ext-animate--on has-global-padding is-layout-constrained wp-block-group-is-layout-constrained\">\n<figure class=\"wp-block-image size-large ext-aspect-landscape ext-animate--on wp-duotone-primary-foreground\"><img decoding=\"async\" src=\"data:image\/svg+xml;base64,PHN2ZyB4bWxucz0iaHR0cDovL3d3dy53My5vcmcvMjAwMC9zdmciIHdpZHRoPSI0OCIgaGVpZ2h0PSI0OCIgZmlsbD0iIzAwMDAwMCIgdmlld0JveD0iMCAwIDI1NiAyNTYiPjxwYXRoIGQ9Ik0xMjgsMjRBMTA0LDEwNCwwLDEsMCwyMzIsMTI4LDEwNC4xMSwxMDQuMTEsMCwwLDAsMTI4LDI0Wm0wLDE5MmE4OCw4OCwwLDEsMSw4OC04OEE4OC4xLDg4LjEsMCwwLDEsMTI4LDIxNlpNMTQwLDgwdjk2YTgsOCwwLDAsMS0xNiwwVjk1bC0xMS41Niw3LjcxYTgsOCwwLDEsMS04Ljg4LTEzLjMybDI0LTE2QTgsOCwwLDAsMSwxNDAsODBaIj48L3BhdGg+PC9zdmc+\" alt=\"\" style=\"object-fit:cover\"\/><\/figure>\n\n\n\n<h3 class=\"wp-block-heading ext-animate--on\">Conexi\u00f3n Inicial<\/h3>\n\n\n\n<p class=\"ext-animate--on\">Contrata nuestro servicio de Internet y recibe la instalaci\u00f3n profesional que garantiza una conexi\u00f3n \u00f3ptima desde el primer d\u00eda.<\/p>\n<\/div>\n<\/div>\n<\/div>\n\n\n\n<div class=\"wp-block-column is-vertically-aligned-stretch ext-animate--on is-layout-flow wp-container-core-column-is-layout-f5bb311e wp-block-column-is-layout-flow\">\n<div class=\"wp-block-group is-style-ext-preset--group--natural-1--item-card-1--align-start ext-animate--on has-global-padding is-layout-constrained wp-block-group-is-layout-constrained is-style-ext-preset--group--natural-1--item-card-1--align-start--15\">\n<div class=\"wp-block-group is-style-default ext-animate--on has-global-padding is-layout-constrained wp-block-group-is-layout-constrained\">\n<figure class=\"wp-block-image size-large ext-aspect-landscape ext-animate--on wp-duotone-primary-foreground\"><img decoding=\"async\" src=\"data:image\/svg+xml;base64,PHN2ZyB4bWxucz0iaHR0cDovL3d3dy53My5vcmcvMjAwMC9zdmciIHdpZHRoPSI0OCIgaGVpZ2h0PSI0OCIgZmlsbD0iIzAwMDAwMCIgdmlld0JveD0iMCAwIDI1NiAyNTYiPjxwYXRoIGQ9Ik0xMjgsMjRBMTA0LDEwNCwwLDEsMCwyMzIsMTI4LDEwNC4xMSwxMDQuMTEsMCwwLDAsMTI4LDI0Wm0wLDE5MmE4OCw4OCwwLDEsMSw4OC04OEE4OC4xLDg4LjEsMCwwLDEsMTI4LDIxNlptMjUuNTYtOTIuNzRMMTIwLDE2OGgzMmE4LDgsMCwwLDEsMCwxNkgxMDRhOCw4LDAsMCwxLTYuNC0xMi44bDQzLjE3LTU3LjU2YTE2LDE2LDAsMSwwLTI3Ljg2LTE1LDgsOCwwLDAsMS0xNS4wOS01LjM0LDMyLDMyLDAsMSwxLDU1Ljc0LDI5LjkzWiI+PC9wYXRoPjwvc3ZnPg==\" alt=\"\" style=\"object-fit:cover\"\/><\/figure>\n\n\n\n<h3 class=\"wp-block-heading ext-animate--on\">Optimizaci\u00f3n Continua<\/h3>\n\n\n\n<p class=\"ext-animate--on\">Monitoreamos y ajustamos tu servicio para mantener la m\u00e1xima velocidad y estabilidad, asegurando que tu oficina funcione sin contratiempos.<\/p>\n<\/div>\n<\/div>\n<\/div>\n\n\n\n<div class=\"wp-block-column is-vertically-aligned-stretch ext-animate--on is-layout-flow wp-container-core-column-is-layout-f5bb311e wp-block-column-is-layout-flow\">\n<div class=\"wp-block-group is-style-ext-preset--group--natural-1--item-card-1--align-start ext-animate--on has-global-padding is-layout-constrained wp-block-group-is-layout-constrained is-style-ext-preset--group--natural-1--item-card-1--align-start--16\">\n<div class=\"wp-block-group is-style-default ext-animate--on has-global-padding is-layout-constrained wp-block-group-is-layout-constrained\">\n<figure class=\"wp-block-image size-large ext-aspect-landscape ext-animate--on wp-duotone-primary-foreground\"><img decoding=\"async\" src=\"data:image\/svg+xml;base64,PHN2ZyB4bWxucz0iaHR0cDovL3d3dy53My5vcmcvMjAwMC9zdmciIHdpZHRoPSI0OCIgaGVpZ2h0PSI0OCIgZmlsbD0iIzAwMDAwMCIgdmlld0JveD0iMCAwIDI1NiAyNTYiPjxwYXRoIGQ9Ik0xMjgsMjRBMTA0LDEwNCwwLDEsMCwyMzIsMTI4LDEwNC4xMSwxMDQuMTEsMCwwLDAsMTI4LDI0Wm0wLDE5MmE4OCw4OCwwLDEsMSw4OC04OEE4OC4xLDg4LjEsMCwwLDEsMTI4LDIxNlptMzItNjRhMzYsMzYsMCwwLDEtNjEuNzEsMjUuMTlBOCw4LDAsMSwxLDEwOS43MSwxNjYsMjAsMjAsMCwxLDAsMTI0LDEzMmE4LDgsMCwwLDEtNi41NS0xMi41OUwxMzYuNjMsOTJIMTA0YTgsOCwwLDAsMSwwLTE2aDQ4YTgsOCwwLDAsMSw2LjU1LDEyLjU5bC0yMSwzMEEzNi4wNywzNi4wNywwLDAsMSwxNjAsMTUyWiI+PC9wYXRoPjwvc3ZnPg==\" alt=\"\" style=\"object-fit:cover\"\/><\/figure>\n\n\n\n<h3 class=\"wp-block-heading ext-animate--on\">Soporte Dedicado<\/h3>\n\n\n\n<p class=\"ext-animate--on\">Nuestro equipo de expertos est\u00e1 disponible para resolver cualquier duda o problema, brindando asistencia r\u00e1pida y personalizada cuando lo necesites.<\/p>\n<\/div>\n<\/div>\n<\/div>\n<\/div>\n<\/div>\n","protected":false},"excerpt":{"rendered":"<p>Descubre nuestra soluci\u00f3n de Internet para oficinas. Conoce c\u00f3mo nuestra conexi\u00f3n estable y r\u00e1pida potencia la productividad y eficiencia en tu espacio laboral, adapt\u00e1ndose a las necesidades espec\u00edficas de tu oficina. Conexi\u00f3n fiable y estable Garantizamos una conexi\u00f3n sin interrupciones para que tu equipo siempre est\u00e9 operativo. Soporte t\u00e9cnico dedicado Nuestro equipo especializado est\u00e1 disponible [&hellip;]<\/p>\n","protected":false},"author":1,"featured_media":0,"parent":0,"menu_order":0,"comment_status":"closed","ping_status":"closed","template":"page-with-title","meta":{"footnotes":""},"class_list":["post-95","page","type-page","status-publish","hentry"],"_links":{"self":[{"href":"https:\/\/site.venzatel.com\/sistema\/wp-json\/wp\/v2\/pages\/95","targetHints":{"allow":["GET"]}}],"collection":[{"href":"https:\/\/site.venzatel.com\/sistema\/wp-json\/wp\/v2\/pages"}],"about":[{"href":"https:\/\/site.venzatel.com\/sistema\/wp-json\/wp\/v2\/types\/page"}],"author":[{"embeddable":true,"href":"https:\/\/site.venzatel.com\/sistema\/wp-json\/wp\/v2\/users\/1"}],"replies":[{"embeddable":true,"href":"https:\/\/site.venzatel.com\/sistema\/wp-json\/wp\/v2\/comments?post=95"}],"version-history":[{"count":2,"href":"https:\/\/site.venzatel.com\/sistema\/wp-json\/wp\/v2\/pages\/95\/revisions"}],"predecessor-version":[{"id":142,"href":"https:\/\/site.venzatel.com\/sistema\/wp-json\/wp\/v2\/pages\/95\/revisions\/142"}],"wp:attachment":[{"href":"https:\/\/site.venzatel.com\/sistema\/wp-json\/wp\/v2\/media?parent=95"}],"curies":[{"name":"wp","href":"https:\/\/api.w.org\/{rel}","templated":true}]}}